{"id":45784,"date":"2025-11-10T17:17:29","date_gmt":"2025-11-10T16:17:29","guid":{"rendered":"https:\/\/www.ernstbrunn-apotheke.at\/katalog\/produkt\/arthrobene-sport-magnesium-sticks-15-stk\/"},"modified":"2025-12-08T16:24:44","modified_gmt":"2025-12-08T15:24:44","slug":"arthrobene-sport-magnesium-sticks-15-stk","status":"publish","type":"product","link":"https:\/\/www.ernstbrunn-apotheke.at\/katalog\/produkt\/arthrobene-sport-magnesium-sticks-15-stk\/","title":{"rendered":"Arthrobene Sport Magnesium Sticks 15 Stk."},"content":{"rendered":"<p>Arthrobene Sport Sticks bietten ideale Nahrungserg\u00e4nzung, um volle sportliche Leistung erbringen zu k\u00f6nnen. Neben einer ausgewogenen Kombination aus Mikron\u00e4hrstoffen, Mineralstoffen und Spurenelementen enthalten die Sticks wertvolle Aufbaustoffe wie NAG (N-Acetyl-Glucosamin), Vitamin C und Mangan<\/p>\n","protected":false},"excerpt":{"rendered":"<p>Arthrobene Sport Sticks bietten ideale Nahrungserg\u00e4nzung, um volle sportliche Leistung erbringen zu k\u00f6nnen. Neben einer ausgewogenen Kombination aus Mikron\u00e4hrstoffen, Mineralstoffen und Spurenelementen enthalten die Sticks wertvolle Aufbaustoffe wie NAG (N-Acetyl-Glucosamin), Vitamin C und Mangan<\/p>\n","protected":false},"featured_media":45786,"template":"","meta":{"_acf_changed":false},"product_brand":[],"product_cat":[801],"product_tag":[],"class_list":{"0":"post-45784","1":"product","2":"type-product","3":"status-publish","4":"has-post-thumbnail","6":"product_cat-a","7":"pa_farbe-weiss-roetlich","8":"pa_geschmack-orange","9":"pa_packungsgroesse-15-stueck","11":"first","12":"instock","13":"shipping-taxable","14":"purchasable","15":"product-type-simple"},"acf":[],"_links":{"self":[{"href":"https:\/\/www.ernstbrunn-apotheke.at\/katalog\/wp-json\/wp\/v2\/product\/45784","targetHints":{"allow":["GET"]}}],"collection":[{"href":"https:\/\/www.ernstbrunn-apotheke.at\/katalog\/wp-json\/wp\/v2\/product"}],"about":[{"href":"https:\/\/www.ernstbrunn-apotheke.at\/katalog\/wp-json\/wp\/v2\/types\/product"}],"wp:featuredmedia":[{"embeddable":true,"href":"https:\/\/www.ernstbrunn-apotheke.at\/katalog\/wp-json\/wp\/v2\/media\/45786"}],"wp:attachment":[{"href":"https:\/\/www.ernstbrunn-apotheke.at\/katalog\/wp-json\/wp\/v2\/media?parent=45784"}],"wp:term":[{"taxonomy":"product_brand","embeddable":true,"href":"https:\/\/www.ernstbrunn-apotheke.at\/katalog\/wp-json\/wp\/v2\/product_brand?post=45784"},{"taxonomy":"product_cat","embeddable":true,"href":"https:\/\/www.ernstbrunn-apotheke.at\/katalog\/wp-json\/wp\/v2\/product_cat?post=45784"},{"taxonomy":"product_tag","embeddable":true,"href":"https:\/\/www.ernstbrunn-apotheke.at\/katalog\/wp-json\/wp\/v2\/product_tag?post=45784"}],"curies":[{"name":"wp","href":"https:\/\/api.w.org\/{rel}","templated":true}]}}