{"id":45755,"date":"2025-11-10T17:16:48","date_gmt":"2025-11-10T16:16:48","guid":{"rendered":"https:\/\/www.ernstbrunn-apotheke.at\/katalog\/produkt\/agilomed-gelenk-salbe-100-ml\/"},"modified":"2025-12-08T16:24:38","modified_gmt":"2025-12-08T15:24:38","slug":"agilomed-gelenk-salbe-100-ml","status":"publish","type":"product","link":"https:\/\/www.ernstbrunn-apotheke.at\/katalog\/produkt\/agilomed-gelenk-salbe-100-ml\/","title":{"rendered":"Agilomed Gelenk-Salbe 100 ml"},"content":{"rendered":"<p>Agilomed Gelenk-Salbe wird auf die beanspruchten Gelenke einmassiert. Die Salbe enth\u00e4lt Glucosamin, Chondroitin und Pflanzen\u00f6l aus Wintergr\u00fcn, damit wird der Knorpelabbau verlangsamt und die Beweglichkeit der Gelenke erhalten.<\/p>\n","protected":false},"excerpt":{"rendered":"<p>Agilomed Gelenk-Salbe wird auf die beanspruchten Gelenke einmassiert. Die Salbe enth\u00e4lt Glucosamin, Chondroitin und Pflanzen\u00f6l aus Wintergr\u00fcn, damit wird der Knorpelabbau verlangsamt und die Beweglichkeit der Gelenke erhalten.<\/p>\n","protected":false},"featured_media":45757,"template":"","meta":{"_acf_changed":false},"product_brand":[],"product_cat":[801],"product_tag":[],"class_list":{"0":"post-45755","1":"product","2":"type-product","3":"status-publish","4":"has-post-thumbnail","6":"product_cat-a","7":"pa_packungsgroesse-100ml","9":"first","10":"instock","11":"shipping-taxable","12":"purchasable","13":"product-type-simple"},"acf":[],"_links":{"self":[{"href":"https:\/\/www.ernstbrunn-apotheke.at\/katalog\/wp-json\/wp\/v2\/product\/45755","targetHints":{"allow":["GET"]}}],"collection":[{"href":"https:\/\/www.ernstbrunn-apotheke.at\/katalog\/wp-json\/wp\/v2\/product"}],"about":[{"href":"https:\/\/www.ernstbrunn-apotheke.at\/katalog\/wp-json\/wp\/v2\/types\/product"}],"wp:featuredmedia":[{"embeddable":true,"href":"https:\/\/www.ernstbrunn-apotheke.at\/katalog\/wp-json\/wp\/v2\/media\/45757"}],"wp:attachment":[{"href":"https:\/\/www.ernstbrunn-apotheke.at\/katalog\/wp-json\/wp\/v2\/media?parent=45755"}],"wp:term":[{"taxonomy":"product_brand","embeddable":true,"href":"https:\/\/www.ernstbrunn-apotheke.at\/katalog\/wp-json\/wp\/v2\/product_brand?post=45755"},{"taxonomy":"product_cat","embeddable":true,"href":"https:\/\/www.ernstbrunn-apotheke.at\/katalog\/wp-json\/wp\/v2\/product_cat?post=45755"},{"taxonomy":"product_tag","embeddable":true,"href":"https:\/\/www.ernstbrunn-apotheke.at\/katalog\/wp-json\/wp\/v2\/product_tag?post=45755"}],"curies":[{"name":"wp","href":"https:\/\/api.w.org\/{rel}","templated":true}]}}