{"id":45745,"date":"2025-11-10T17:16:48","date_gmt":"2025-11-10T16:16:48","guid":{"rendered":"https:\/\/www.ernstbrunn-apotheke.at\/katalog\/produkt\/tetesept-muskel-gelenk-bad-125-ml\/"},"modified":"2025-12-08T16:24:37","modified_gmt":"2025-12-08T15:24:37","slug":"tetesept-muskel-gelenk-bad-125-ml","status":"publish","type":"product","link":"https:\/\/www.ernstbrunn-apotheke.at\/katalog\/produkt\/tetesept-muskel-gelenk-bad-125-ml\/","title":{"rendered":"Tetesept Muskel &#038; Gelenk Bad 125 ml"},"content":{"rendered":"<p>Tetesept Muskel &#038; Gelenk Bad ist besonders wirksam bei Muskelkater und entspannt das Badekonzentrat Ihre Gelenke. Mit Zitronen\u00f6l, Minze, Rosmarin, Kampfer und Eukalyptus\u00f6l hat das Gesundheitsbad eine Wirkstoffzusammensetzung, die die Durchblutung f\u00f6rdert und Verspannungen l\u00f6st.<\/p>\n","protected":false},"excerpt":{"rendered":"<p>Tetesept Muskel &#038; Gelenk Bad ist besonders wirksam bei Muskelkater und entspannt das Badekonzentrat Ihre Gelenke. Mit Zitronen\u00f6l, Minze, Rosmarin, Kampfer und Eukalyptus\u00f6l hat das Gesundheitsbad eine Wirkstoffzusammensetzung, die die Durchblutung f\u00f6rdert und Verspannungen l\u00f6st.<\/p>\n","protected":false},"featured_media":45747,"template":"","meta":{"_acf_changed":false},"product_brand":[487],"product_cat":[798],"product_tag":[],"class_list":{"0":"post-45745","1":"product","2":"type-product","3":"status-publish","4":"has-post-thumbnail","6":"product_brand-tetesept","7":"product_cat-t","8":"pa_packungsgroesse-125ml","10":"first","11":"instock","12":"shipping-taxable","13":"purchasable","14":"product-type-simple"},"acf":[],"_links":{"self":[{"href":"https:\/\/www.ernstbrunn-apotheke.at\/katalog\/wp-json\/wp\/v2\/product\/45745","targetHints":{"allow":["GET"]}}],"collection":[{"href":"https:\/\/www.ernstbrunn-apotheke.at\/katalog\/wp-json\/wp\/v2\/product"}],"about":[{"href":"https:\/\/www.ernstbrunn-apotheke.at\/katalog\/wp-json\/wp\/v2\/types\/product"}],"wp:featuredmedia":[{"embeddable":true,"href":"https:\/\/www.ernstbrunn-apotheke.at\/katalog\/wp-json\/wp\/v2\/media\/45747"}],"wp:attachment":[{"href":"https:\/\/www.ernstbrunn-apotheke.at\/katalog\/wp-json\/wp\/v2\/media?parent=45745"}],"wp:term":[{"taxonomy":"product_brand","embeddable":true,"href":"https:\/\/www.ernstbrunn-apotheke.at\/katalog\/wp-json\/wp\/v2\/product_brand?post=45745"},{"taxonomy":"product_cat","embeddable":true,"href":"https:\/\/www.ernstbrunn-apotheke.at\/katalog\/wp-json\/wp\/v2\/product_cat?post=45745"},{"taxonomy":"product_tag","embeddable":true,"href":"https:\/\/www.ernstbrunn-apotheke.at\/katalog\/wp-json\/wp\/v2\/product_tag?post=45745"}],"curies":[{"name":"wp","href":"https:\/\/api.w.org\/{rel}","templated":true}]}}