{"id":45663,"date":"2025-11-10T17:14:56","date_gmt":"2025-11-10T16:14:56","guid":{"rendered":"https:\/\/www.ernstbrunn-apotheke.at\/katalog\/produkt\/perskindol-cool-spray-250-ml\/"},"modified":"2025-12-08T16:24:20","modified_gmt":"2025-12-08T15:24:20","slug":"perskindol-cool-spray-250-ml","status":"publish","type":"product","link":"https:\/\/www.ernstbrunn-apotheke.at\/katalog\/produkt\/perskindol-cool-spray-250-ml\/","title":{"rendered":"Perskindol Cool Spray 250 ml"},"content":{"rendered":"<p>Perskindol Cool Spray gew\u00e4hrleistet eine rasche und wirkungsvolle K\u00fchlung und Schmerzlinderung bei Zerrungen, Prellungen, Verstauchungen, Quetschungen, Verrenkungen oder Bluterg\u00fcssen.<\/p>\n","protected":false},"excerpt":{"rendered":"<p>Perskindol Cool Spray gew\u00e4hrleistet eine rasche und wirkungsvolle K\u00fchlung und Schmerzlinderung bei Zerrungen, Prellungen, Verstauchungen, Quetschungen, Verrenkungen oder Bluterg\u00fcssen.<\/p>\n","protected":false},"featured_media":45665,"template":"","meta":{"_acf_changed":false},"product_brand":[995],"product_cat":[793],"product_tag":[],"class_list":{"0":"post-45663","1":"product","2":"type-product","3":"status-publish","4":"has-post-thumbnail","6":"product_brand-perskindol","7":"product_cat-p","8":"pa_packungsgroesse-250ml","10":"first","11":"instock","12":"shipping-taxable","13":"purchasable","14":"product-type-simple"},"acf":[],"_links":{"self":[{"href":"https:\/\/www.ernstbrunn-apotheke.at\/katalog\/wp-json\/wp\/v2\/product\/45663","targetHints":{"allow":["GET"]}}],"collection":[{"href":"https:\/\/www.ernstbrunn-apotheke.at\/katalog\/wp-json\/wp\/v2\/product"}],"about":[{"href":"https:\/\/www.ernstbrunn-apotheke.at\/katalog\/wp-json\/wp\/v2\/types\/product"}],"wp:featuredmedia":[{"embeddable":true,"href":"https:\/\/www.ernstbrunn-apotheke.at\/katalog\/wp-json\/wp\/v2\/media\/45665"}],"wp:attachment":[{"href":"https:\/\/www.ernstbrunn-apotheke.at\/katalog\/wp-json\/wp\/v2\/media?parent=45663"}],"wp:term":[{"taxonomy":"product_brand","embeddable":true,"href":"https:\/\/www.ernstbrunn-apotheke.at\/katalog\/wp-json\/wp\/v2\/product_brand?post=45663"},{"taxonomy":"product_cat","embeddable":true,"href":"https:\/\/www.ernstbrunn-apotheke.at\/katalog\/wp-json\/wp\/v2\/product_cat?post=45663"},{"taxonomy":"product_tag","embeddable":true,"href":"https:\/\/www.ernstbrunn-apotheke.at\/katalog\/wp-json\/wp\/v2\/product_tag?post=45663"}],"curies":[{"name":"wp","href":"https:\/\/api.w.org\/{rel}","templated":true}]}}