{"id":45613,"date":"2025-11-10T17:14:15","date_gmt":"2025-11-10T16:14:15","guid":{"rendered":"https:\/\/www.ernstbrunn-apotheke.at\/katalog\/produkt\/retterspitz-aeusserlich-1-l\/"},"modified":"2025-12-08T16:24:11","modified_gmt":"2025-12-08T15:24:11","slug":"retterspitz-aeusserlich-1-l","status":"publish","type":"product","link":"https:\/\/www.ernstbrunn-apotheke.at\/katalog\/produkt\/retterspitz-aeusserlich-1-l\/","title":{"rendered":"Retterspitz \u00e4u\u00dferlich 1 L"},"content":{"rendered":"<p>Retterspitz \u00e4u\u00dferlich wird traditionell bei stumpfen Verletzungen, Muskelschmerzen und Venen-beschwerden eingesetzt. Das in Retterspitz \u00c4u\u00dferlich enthaltene Thymol hemmt Entz\u00fcndungen, Rosmarin\u00f6l l\u00e4sst rheumatische Beschwerden leichter abklingen und bessert Durchblutungsst\u00f6rungen. Die spezielle Kombination der verwendeten pflanzlichen Inhaltsstoffe erm\u00f6glicht ein breites Anwendungsspektrum und eignet sich deshalb nicht nur f\u00fcr die Hausapotheke, sondern auch f\u00fcr den Einsatz im Profisport oder in Kliniken.<\/p>\n","protected":false},"excerpt":{"rendered":"<p>Retterspitz \u00e4u\u00dferlich wird traditionell bei stumpfen Verletzungen, Muskelschmerzen und Venen-beschwerden eingesetzt. Das in Retterspitz \u00c4u\u00dferlich enthaltene Thymol hemmt Entz\u00fcndungen, Rosmarin\u00f6l l\u00e4sst rheumatische Beschwerden leichter abklingen und bessert Durchblutungsst\u00f6rungen. Die spezielle Kombination der verwendeten pflanzlichen Inhaltsstoffe erm\u00f6glicht ein breites Anwendungsspektrum und eignet sich deshalb nicht nur f\u00fcr die Hausapotheke, sondern auch f\u00fcr den Einsatz im Profisport [&hellip;]<\/p>\n","protected":false},"featured_media":45615,"template":"","meta":{"_acf_changed":false},"product_brand":[],"product_cat":[808],"product_tag":[],"class_list":{"0":"post-45613","1":"product","2":"type-product","3":"status-publish","4":"has-post-thumbnail","6":"product_cat-r","7":"pa_packungsgroesse-1l","9":"first","10":"instock","11":"shipping-taxable","12":"purchasable","13":"product-type-simple"},"acf":[],"_links":{"self":[{"href":"https:\/\/www.ernstbrunn-apotheke.at\/katalog\/wp-json\/wp\/v2\/product\/45613","targetHints":{"allow":["GET"]}}],"collection":[{"href":"https:\/\/www.ernstbrunn-apotheke.at\/katalog\/wp-json\/wp\/v2\/product"}],"about":[{"href":"https:\/\/www.ernstbrunn-apotheke.at\/katalog\/wp-json\/wp\/v2\/types\/product"}],"wp:featuredmedia":[{"embeddable":true,"href":"https:\/\/www.ernstbrunn-apotheke.at\/katalog\/wp-json\/wp\/v2\/media\/45615"}],"wp:attachment":[{"href":"https:\/\/www.ernstbrunn-apotheke.at\/katalog\/wp-json\/wp\/v2\/media?parent=45613"}],"wp:term":[{"taxonomy":"product_brand","embeddable":true,"href":"https:\/\/www.ernstbrunn-apotheke.at\/katalog\/wp-json\/wp\/v2\/product_brand?post=45613"},{"taxonomy":"product_cat","embeddable":true,"href":"https:\/\/www.ernstbrunn-apotheke.at\/katalog\/wp-json\/wp\/v2\/product_cat?post=45613"},{"taxonomy":"product_tag","embeddable":true,"href":"https:\/\/www.ernstbrunn-apotheke.at\/katalog\/wp-json\/wp\/v2\/product_tag?post=45613"}],"curies":[{"name":"wp","href":"https:\/\/api.w.org\/{rel}","templated":true}]}}