{"id":45609,"date":"2025-11-10T17:14:15","date_gmt":"2025-11-10T16:14:15","guid":{"rendered":"https:\/\/www.ernstbrunn-apotheke.at\/katalog\/produkt\/weihrauch-activ-balsam\/"},"modified":"2025-12-08T16:24:10","modified_gmt":"2025-12-08T15:24:10","slug":"weihrauch-activ-balsam","status":"publish","type":"product","link":"https:\/\/www.ernstbrunn-apotheke.at\/katalog\/produkt\/weihrauch-activ-balsam\/","title":{"rendered":"Weihrauch activ Balsam"},"content":{"rendered":"<p>Eine Massage mit dem Weihrauch Activ Balsam wirkt wohltuend und entspannend auf Haut, Muskeln und Gelenke. Er enth\u00e4lt hochwertiges Jojoba\u00f6l sowie wertvolles Vitamin E und sch\u00fctzt und pflegt die Haut.<\/p>\n","protected":false},"excerpt":{"rendered":"<p>Eine Massage mit dem Weihrauch Activ Balsam wirkt wohltuend und entspannend auf Haut, Muskeln und Gelenke. Er enth\u00e4lt hochwertiges Jojoba\u00f6l sowie wertvolles Vitamin E und sch\u00fctzt und pflegt die Haut.<\/p>\n","protected":false},"featured_media":45611,"template":"","meta":{"_acf_changed":false},"product_brand":[],"product_cat":[796],"product_tag":[],"class_list":{"0":"post-45609","1":"product","2":"type-product","3":"status-publish","4":"has-post-thumbnail","6":"product_cat-w","7":"pa_packungsgroesse-100ml","9":"first","10":"instock","11":"shipping-taxable","12":"purchasable","13":"product-type-simple"},"acf":[],"_links":{"self":[{"href":"https:\/\/www.ernstbrunn-apotheke.at\/katalog\/wp-json\/wp\/v2\/product\/45609","targetHints":{"allow":["GET"]}}],"collection":[{"href":"https:\/\/www.ernstbrunn-apotheke.at\/katalog\/wp-json\/wp\/v2\/product"}],"about":[{"href":"https:\/\/www.ernstbrunn-apotheke.at\/katalog\/wp-json\/wp\/v2\/types\/product"}],"wp:featuredmedia":[{"embeddable":true,"href":"https:\/\/www.ernstbrunn-apotheke.at\/katalog\/wp-json\/wp\/v2\/media\/45611"}],"wp:attachment":[{"href":"https:\/\/www.ernstbrunn-apotheke.at\/katalog\/wp-json\/wp\/v2\/media?parent=45609"}],"wp:term":[{"taxonomy":"product_brand","embeddable":true,"href":"https:\/\/www.ernstbrunn-apotheke.at\/katalog\/wp-json\/wp\/v2\/product_brand?post=45609"},{"taxonomy":"product_cat","embeddable":true,"href":"https:\/\/www.ernstbrunn-apotheke.at\/katalog\/wp-json\/wp\/v2\/product_cat?post=45609"},{"taxonomy":"product_tag","embeddable":true,"href":"https:\/\/www.ernstbrunn-apotheke.at\/katalog\/wp-json\/wp\/v2\/product_tag?post=45609"}],"curies":[{"name":"wp","href":"https:\/\/api.w.org\/{rel}","templated":true}]}}