{"id":45546,"date":"2025-11-10T17:12:56","date_gmt":"2025-11-10T16:12:56","guid":{"rendered":"https:\/\/www.ernstbrunn-apotheke.at\/katalog\/produkt\/riviera-murmeltier-oel-salbe-75-ml\/"},"modified":"2025-12-08T16:23:58","modified_gmt":"2025-12-08T15:23:58","slug":"riviera-murmeltier-oel-salbe-75-ml","status":"publish","type":"product","link":"https:\/\/www.ernstbrunn-apotheke.at\/katalog\/produkt\/riviera-murmeltier-oel-salbe-75-ml\/","title":{"rendered":"Riviera Murmeltier \u00d6l Salbe 75 ml"},"content":{"rendered":"<p>Riviera Murmeltier \u00d6l Salbe: Die Anwendung dieser Salbe erfolgt seit Generationen bei den Bewohnern in den alpinen Regionen. Der Inhaltsstoff Murmeltier\u00f6l wirkt in erster Linie entz\u00fcndungshemmend und juckreizstillend. Die pflegende Salbe eignet sich hervorragend zur Belebung nach sportlichen Aktivit\u00e4ten und sch\u00fctzt die Haut vor dem Austrocknen.<\/p>\n","protected":false},"excerpt":{"rendered":"<p>Riviera Murmeltier \u00d6l Salbe: Die Anwendung dieser Salbe erfolgt seit Generationen bei den Bewohnern in den alpinen Regionen. Der Inhaltsstoff Murmeltier\u00f6l wirkt in erster Linie entz\u00fcndungshemmend und juckreizstillend. Die pflegende Salbe eignet sich hervorragend zur Belebung nach sportlichen Aktivit\u00e4ten und sch\u00fctzt die Haut vor dem Austrocknen.<\/p>\n","protected":false},"featured_media":45548,"template":"","meta":{"_acf_changed":false},"product_brand":[303],"product_cat":[808],"product_tag":[],"class_list":{"0":"post-45546","1":"product","2":"type-product","3":"status-publish","4":"has-post-thumbnail","6":"product_brand-riviera","7":"product_cat-r","8":"pa_packungsgroesse-75ml","10":"first","11":"instock","12":"shipping-taxable","13":"purchasable","14":"product-type-simple"},"acf":[],"_links":{"self":[{"href":"https:\/\/www.ernstbrunn-apotheke.at\/katalog\/wp-json\/wp\/v2\/product\/45546","targetHints":{"allow":["GET"]}}],"collection":[{"href":"https:\/\/www.ernstbrunn-apotheke.at\/katalog\/wp-json\/wp\/v2\/product"}],"about":[{"href":"https:\/\/www.ernstbrunn-apotheke.at\/katalog\/wp-json\/wp\/v2\/types\/product"}],"wp:featuredmedia":[{"embeddable":true,"href":"https:\/\/www.ernstbrunn-apotheke.at\/katalog\/wp-json\/wp\/v2\/media\/45548"}],"wp:attachment":[{"href":"https:\/\/www.ernstbrunn-apotheke.at\/katalog\/wp-json\/wp\/v2\/media?parent=45546"}],"wp:term":[{"taxonomy":"product_brand","embeddable":true,"href":"https:\/\/www.ernstbrunn-apotheke.at\/katalog\/wp-json\/wp\/v2\/product_brand?post=45546"},{"taxonomy":"product_cat","embeddable":true,"href":"https:\/\/www.ernstbrunn-apotheke.at\/katalog\/wp-json\/wp\/v2\/product_cat?post=45546"},{"taxonomy":"product_tag","embeddable":true,"href":"https:\/\/www.ernstbrunn-apotheke.at\/katalog\/wp-json\/wp\/v2\/product_tag?post=45546"}],"curies":[{"name":"wp","href":"https:\/\/api.w.org\/{rel}","templated":true}]}}