{"id":45540,"date":"2025-11-10T17:12:56","date_gmt":"2025-11-10T16:12:56","guid":{"rendered":"https:\/\/www.ernstbrunn-apotheke.at\/katalog\/produkt\/apoforce-waermegel-100-ml\/"},"modified":"2025-12-08T16:23:57","modified_gmt":"2025-12-08T15:23:57","slug":"apoforce-waermegel-100-ml","status":"publish","type":"product","link":"https:\/\/www.ernstbrunn-apotheke.at\/katalog\/produkt\/apoforce-waermegel-100-ml\/","title":{"rendered":"Apoforce W\u00e4rmegel 100 ml"},"content":{"rendered":"<p>Apoforce W\u00e4rmegel dient zur \u00e4u\u00dferen Anwendung bei verspannter Muskulatur, Muskelkater und beanspruchten Gelenken. Das Gel wirkt entspannend, durchblutet sowie vitalisierend. Zudem zieht sie schnell ein, fettet nicht und hinterl\u00e4sst keine R\u00fcckst\u00e4nde auf Haut und Kleidung. Empfohlen bei starker oder einseitiger k\u00f6rperlicher Belastung.<\/p>\n","protected":false},"excerpt":{"rendered":"<p>Apoforce W\u00e4rmegel dient zur \u00e4u\u00dferen Anwendung bei verspannter Muskulatur, Muskelkater und beanspruchten Gelenken. Das Gel wirkt entspannend, durchblutet sowie vitalisierend. Zudem zieht sie schnell ein, fettet nicht und hinterl\u00e4sst keine R\u00fcckst\u00e4nde auf Haut und Kleidung. Empfohlen bei starker oder einseitiger k\u00f6rperlicher Belastung.<\/p>\n","protected":false},"featured_media":45542,"template":"","meta":{"_acf_changed":false},"product_brand":[],"product_cat":[801],"product_tag":[],"class_list":{"0":"post-45540","1":"product","2":"type-product","3":"status-publish","4":"has-post-thumbnail","6":"product_cat-a","7":"pa_packungsgroesse-100ml","9":"first","10":"instock","11":"shipping-taxable","12":"purchasable","13":"product-type-simple"},"acf":[],"_links":{"self":[{"href":"https:\/\/www.ernstbrunn-apotheke.at\/katalog\/wp-json\/wp\/v2\/product\/45540","targetHints":{"allow":["GET"]}}],"collection":[{"href":"https:\/\/www.ernstbrunn-apotheke.at\/katalog\/wp-json\/wp\/v2\/product"}],"about":[{"href":"https:\/\/www.ernstbrunn-apotheke.at\/katalog\/wp-json\/wp\/v2\/types\/product"}],"wp:featuredmedia":[{"embeddable":true,"href":"https:\/\/www.ernstbrunn-apotheke.at\/katalog\/wp-json\/wp\/v2\/media\/45542"}],"wp:attachment":[{"href":"https:\/\/www.ernstbrunn-apotheke.at\/katalog\/wp-json\/wp\/v2\/media?parent=45540"}],"wp:term":[{"taxonomy":"product_brand","embeddable":true,"href":"https:\/\/www.ernstbrunn-apotheke.at\/katalog\/wp-json\/wp\/v2\/product_brand?post=45540"},{"taxonomy":"product_cat","embeddable":true,"href":"https:\/\/www.ernstbrunn-apotheke.at\/katalog\/wp-json\/wp\/v2\/product_cat?post=45540"},{"taxonomy":"product_tag","embeddable":true,"href":"https:\/\/www.ernstbrunn-apotheke.at\/katalog\/wp-json\/wp\/v2\/product_tag?post=45540"}],"curies":[{"name":"wp","href":"https:\/\/api.w.org\/{rel}","templated":true}]}}