{"id":45509,"date":"2025-11-10T17:12:18","date_gmt":"2025-11-10T16:12:18","guid":{"rendered":"https:\/\/www.ernstbrunn-apotheke.at\/katalog\/produkt\/retterspitz-aeusserlich-350-ml\/"},"modified":"2025-12-08T16:23:50","modified_gmt":"2025-12-08T15:23:50","slug":"retterspitz-aeusserlich-350-ml","status":"publish","type":"product","link":"https:\/\/www.ernstbrunn-apotheke.at\/katalog\/produkt\/retterspitz-aeusserlich-350-ml\/","title":{"rendered":"Retterspitz \u00e4u\u00dferlich 350 ml"},"content":{"rendered":"<p>Einfach, effektiv und hilfreich. Die nat\u00fcrlichen Inhaltsstoffe in Retterspitz \u00c4u\u00dferlich gehen in die typische und bew\u00e4hrte Dunstatmosph\u00e4re \u00fcber und beschleunigen die Regenerationsprozesse. Physikalische Therapien wie Wickel, Auflagen oder Nasse Str\u00fcmpfe beschleunigen die Stoffwechselvorg\u00e4nge und die Durchblutung. Zugleich beeinflussen die Behandlungen positiv die Psyche: Entspannung und Wohlbefinden stellen sich ein.<\/p>\n","protected":false},"excerpt":{"rendered":"<p>Einfach, effektiv und hilfreich. Die nat\u00fcrlichen Inhaltsstoffe in Retterspitz \u00c4u\u00dferlich gehen in die typische und bew\u00e4hrte Dunstatmosph\u00e4re \u00fcber und beschleunigen die Regenerationsprozesse. Physikalische Therapien wie Wickel, Auflagen oder Nasse Str\u00fcmpfe beschleunigen die Stoffwechselvorg\u00e4nge und die Durchblutung. Zugleich beeinflussen die Behandlungen positiv die Psyche: Entspannung und Wohlbefinden stellen sich ein.<\/p>\n","protected":false},"featured_media":45511,"template":"","meta":{"_acf_changed":false},"product_brand":[],"product_cat":[808],"product_tag":[],"class_list":{"0":"post-45509","1":"product","2":"type-product","3":"status-publish","4":"has-post-thumbnail","6":"product_cat-r","7":"pa_packungsgroesse-350ml","9":"first","10":"instock","11":"shipping-taxable","12":"purchasable","13":"product-type-simple"},"acf":[],"_links":{"self":[{"href":"https:\/\/www.ernstbrunn-apotheke.at\/katalog\/wp-json\/wp\/v2\/product\/45509","targetHints":{"allow":["GET"]}}],"collection":[{"href":"https:\/\/www.ernstbrunn-apotheke.at\/katalog\/wp-json\/wp\/v2\/product"}],"about":[{"href":"https:\/\/www.ernstbrunn-apotheke.at\/katalog\/wp-json\/wp\/v2\/types\/product"}],"wp:featuredmedia":[{"embeddable":true,"href":"https:\/\/www.ernstbrunn-apotheke.at\/katalog\/wp-json\/wp\/v2\/media\/45511"}],"wp:attachment":[{"href":"https:\/\/www.ernstbrunn-apotheke.at\/katalog\/wp-json\/wp\/v2\/media?parent=45509"}],"wp:term":[{"taxonomy":"product_brand","embeddable":true,"href":"https:\/\/www.ernstbrunn-apotheke.at\/katalog\/wp-json\/wp\/v2\/product_brand?post=45509"},{"taxonomy":"product_cat","embeddable":true,"href":"https:\/\/www.ernstbrunn-apotheke.at\/katalog\/wp-json\/wp\/v2\/product_cat?post=45509"},{"taxonomy":"product_tag","embeddable":true,"href":"https:\/\/www.ernstbrunn-apotheke.at\/katalog\/wp-json\/wp\/v2\/product_tag?post=45509"}],"curies":[{"name":"wp","href":"https:\/\/api.w.org\/{rel}","templated":true}]}}