{"id":45495,"date":"2025-11-10T17:11:42","date_gmt":"2025-11-10T16:11:42","guid":{"rendered":"https:\/\/www.ernstbrunn-apotheke.at\/katalog\/produkt\/rubilind-rot-muskel-roll-on-roesch-50-ml\/"},"modified":"2025-12-08T16:23:47","modified_gmt":"2025-12-08T15:23:47","slug":"rubilind-rot-muskel-roll-on-roesch-50-ml","status":"publish","type":"product","link":"https:\/\/www.ernstbrunn-apotheke.at\/katalog\/produkt\/rubilind-rot-muskel-roll-on-roesch-50-ml\/","title":{"rendered":"Rubilind Rot Muskel Roll On R\u00f6sch 50 ml"},"content":{"rendered":"<p>W\u00e4rmendes Thermo Gel mit wertvollem Kampfer, Menthol, sowie Lavendel-\u00a0und Rosmarin\u00f6l. Die spezielle Wirkstoffkombination wird mit dem praktischen Roll On aufgetragen und erzeugt eine wohltuende, entspannende W\u00e4rme.\u00a0<\/p>\n<p>Rubilind Rot\u00a0wirkt auch unterst\u00fctzend bei der F\u00f6rderung der Beweglichkeit der Gelenke und bei\u00a0Muskelverspannungen.<\/p>\n<p>&#13;<\/p>\n<p>\u00a0<\/p>\n<p>&#13;<\/p>\n<p><strong>Wirkung<\/strong><\/p>\n<p>&#13;<\/p>\n<p>Rubilind\u00a0enth\u00e4lt sowohl Lavendel\u00f6l, welches bereits seit der Antike als vielseitige Heilpflanze\u00a0verwendet\u00a0wird, als auch das wertvolle Rosmarin\u00f6l\u00a0und Kampfer, welche f\u00fcr die durchblutungsf\u00f6rdernde und lockernde Wirkung auf den gesamten Bewegungsapparat gesch\u00e4tzt\u00a0werden. Kampfer wird mittels Wasserdampfdestillation aus s\u00e4mtlichen Teilen des Kampferbaums gewonnen.\u00a0Die w\u00e4rmende Wirkung\u00a0erh\u00e4lt\u00a0Rubilind Rot\u00a0durch Nicotinaldehyd und das enthaltene Capsaicin, welches aus der Chilischote gewonnen wird.<\/p>\n","protected":false},"excerpt":{"rendered":"<p>W\u00e4rmendes Thermo Gel mit wertvollem Kampfer, Menthol, sowie Lavendel-\u00a0und Rosmarin\u00f6l. Die spezielle Wirkstoffkombination wird mit dem praktischen Roll On aufgetragen und erzeugt eine wohltuende, entspannende W\u00e4rme.\u00a0 Rubilind Rot\u00a0wirkt auch unterst\u00fctzend bei der F\u00f6rderung der Beweglichkeit der Gelenke und bei\u00a0Muskelverspannungen. &#13; \u00a0 &#13; Wirkung &#13; Rubilind\u00a0enth\u00e4lt sowohl Lavendel\u00f6l, welches bereits seit der Antike als vielseitige Heilpflanze\u00a0verwendet\u00a0wird, [&hellip;]<\/p>\n","protected":false},"featured_media":45497,"template":"","meta":{"_acf_changed":false},"product_brand":[],"product_cat":[808],"product_tag":[],"class_list":{"0":"post-45495","1":"product","2":"type-product","3":"status-publish","4":"has-post-thumbnail","6":"product_cat-r","7":"pa_farbe-rot","8":"pa_packungsgroesse-50ml","10":"first","11":"instock","12":"shipping-taxable","13":"purchasable","14":"product-type-simple"},"acf":[],"_links":{"self":[{"href":"https:\/\/www.ernstbrunn-apotheke.at\/katalog\/wp-json\/wp\/v2\/product\/45495","targetHints":{"allow":["GET"]}}],"collection":[{"href":"https:\/\/www.ernstbrunn-apotheke.at\/katalog\/wp-json\/wp\/v2\/product"}],"about":[{"href":"https:\/\/www.ernstbrunn-apotheke.at\/katalog\/wp-json\/wp\/v2\/types\/product"}],"wp:featuredmedia":[{"embeddable":true,"href":"https:\/\/www.ernstbrunn-apotheke.at\/katalog\/wp-json\/wp\/v2\/media\/45497"}],"wp:attachment":[{"href":"https:\/\/www.ernstbrunn-apotheke.at\/katalog\/wp-json\/wp\/v2\/media?parent=45495"}],"wp:term":[{"taxonomy":"product_brand","embeddable":true,"href":"https:\/\/www.ernstbrunn-apotheke.at\/katalog\/wp-json\/wp\/v2\/product_brand?post=45495"},{"taxonomy":"product_cat","embeddable":true,"href":"https:\/\/www.ernstbrunn-apotheke.at\/katalog\/wp-json\/wp\/v2\/product_cat?post=45495"},{"taxonomy":"product_tag","embeddable":true,"href":"https:\/\/www.ernstbrunn-apotheke.at\/katalog\/wp-json\/wp\/v2\/product_tag?post=45495"}],"curies":[{"name":"wp","href":"https:\/\/api.w.org\/{rel}","templated":true}]}}