{"id":45460,"date":"2025-11-10T17:11:22","date_gmt":"2025-11-10T16:11:22","guid":{"rendered":"https:\/\/www.ernstbrunn-apotheke.at\/katalog\/produkt\/wekomed-eis-gel-250-ml\/"},"modified":"2025-12-08T16:23:34","modified_gmt":"2025-12-08T15:23:34","slug":"wekomed-eis-gel-250-ml","status":"publish","type":"product","link":"https:\/\/www.ernstbrunn-apotheke.at\/katalog\/produkt\/wekomed-eis-gel-250-ml\/","title":{"rendered":"Wekomed Eis-Gel 250 ml"},"content":{"rendered":"<p>Wekomed Eis-gel ist erfrischend f\u00fcr Stirn und Nacken und wirkt k\u00fchlend bei m\u00fcden Beinen. Die ideale Sommerfrische f\u00fcr Urlaub und auf Reisen.<\/p>\n","protected":false},"excerpt":{"rendered":"<p>Wekomed Eis-gel ist erfrischend f\u00fcr Stirn und Nacken und wirkt k\u00fchlend bei m\u00fcden Beinen. Die ideale Sommerfrische f\u00fcr Urlaub und auf Reisen.<\/p>\n","protected":false},"featured_media":45462,"template":"","meta":{"_acf_changed":false},"product_brand":[],"product_cat":[796],"product_tag":[],"class_list":{"0":"post-45460","1":"product","2":"type-product","3":"status-publish","4":"has-post-thumbnail","6":"product_cat-w","7":"pa_packungsgroesse-250ml","9":"first","10":"instock","11":"shipping-taxable","12":"purchasable","13":"product-type-simple"},"acf":[],"_links":{"self":[{"href":"https:\/\/www.ernstbrunn-apotheke.at\/katalog\/wp-json\/wp\/v2\/product\/45460","targetHints":{"allow":["GET"]}}],"collection":[{"href":"https:\/\/www.ernstbrunn-apotheke.at\/katalog\/wp-json\/wp\/v2\/product"}],"about":[{"href":"https:\/\/www.ernstbrunn-apotheke.at\/katalog\/wp-json\/wp\/v2\/types\/product"}],"wp:featuredmedia":[{"embeddable":true,"href":"https:\/\/www.ernstbrunn-apotheke.at\/katalog\/wp-json\/wp\/v2\/media\/45462"}],"wp:attachment":[{"href":"https:\/\/www.ernstbrunn-apotheke.at\/katalog\/wp-json\/wp\/v2\/media?parent=45460"}],"wp:term":[{"taxonomy":"product_brand","embeddable":true,"href":"https:\/\/www.ernstbrunn-apotheke.at\/katalog\/wp-json\/wp\/v2\/product_brand?post=45460"},{"taxonomy":"product_cat","embeddable":true,"href":"https:\/\/www.ernstbrunn-apotheke.at\/katalog\/wp-json\/wp\/v2\/product_cat?post=45460"},{"taxonomy":"product_tag","embeddable":true,"href":"https:\/\/www.ernstbrunn-apotheke.at\/katalog\/wp-json\/wp\/v2\/product_tag?post=45460"}],"curies":[{"name":"wp","href":"https:\/\/api.w.org\/{rel}","templated":true}]}}