{"id":45403,"date":"2025-11-10T17:10:28","date_gmt":"2025-11-10T16:10:28","guid":{"rendered":"https:\/\/www.ernstbrunn-apotheke.at\/katalog\/produkt\/cross-tape-strips-6-stk-3-x-4-4-mm\/"},"modified":"2025-12-08T16:23:13","modified_gmt":"2025-12-08T15:23:13","slug":"cross-tape-strips-6-stk-3-x-4-4-mm","status":"publish","type":"product","link":"https:\/\/www.ernstbrunn-apotheke.at\/katalog\/produkt\/cross-tape-strips-6-stk-3-x-4-4-mm\/","title":{"rendered":"Cross Tape Strips 6 Stk. 3 x 4 &#8211; 4 mm"},"content":{"rendered":"<p>Cross Tape Strips sind ein Tape in Gitterform, das ausgleichend auf den K\u00f6rper wirkt. Das Tape wurde unter dem Aspekt entwickelt, m\u00f6glichst wenig Hautirritationen hervorzurufen. Es ist seidig-weich und verf\u00fcgt \u00fcber eine starke Klebkraft. Es ist einfach anzuwenden, da jedes St\u00fcck Tape separat verpackt ist.<\/p>\n","protected":false},"excerpt":{"rendered":"<p>Cross Tape Strips sind ein Tape in Gitterform, das ausgleichend auf den K\u00f6rper wirkt. Das Tape wurde unter dem Aspekt entwickelt, m\u00f6glichst wenig Hautirritationen hervorzurufen. Es ist seidig-weich und verf\u00fcgt \u00fcber eine starke Klebkraft. Es ist einfach anzuwenden, da jedes St\u00fcck Tape separat verpackt ist.<\/p>\n","protected":false},"featured_media":45405,"template":"","meta":{"_acf_changed":false},"product_brand":[584],"product_cat":[812],"product_tag":[],"class_list":{"0":"post-45403","1":"product","2":"type-product","3":"status-publish","4":"has-post-thumbnail","6":"product_brand-apofit","7":"product_cat-c","8":"pa_packungsgroesse-6-stueck","10":"first","11":"instock","12":"shipping-taxable","13":"purchasable","14":"product-type-simple"},"acf":[],"_links":{"self":[{"href":"https:\/\/www.ernstbrunn-apotheke.at\/katalog\/wp-json\/wp\/v2\/product\/45403","targetHints":{"allow":["GET"]}}],"collection":[{"href":"https:\/\/www.ernstbrunn-apotheke.at\/katalog\/wp-json\/wp\/v2\/product"}],"about":[{"href":"https:\/\/www.ernstbrunn-apotheke.at\/katalog\/wp-json\/wp\/v2\/types\/product"}],"wp:featuredmedia":[{"embeddable":true,"href":"https:\/\/www.ernstbrunn-apotheke.at\/katalog\/wp-json\/wp\/v2\/media\/45405"}],"wp:attachment":[{"href":"https:\/\/www.ernstbrunn-apotheke.at\/katalog\/wp-json\/wp\/v2\/media?parent=45403"}],"wp:term":[{"taxonomy":"product_brand","embeddable":true,"href":"https:\/\/www.ernstbrunn-apotheke.at\/katalog\/wp-json\/wp\/v2\/product_brand?post=45403"},{"taxonomy":"product_cat","embeddable":true,"href":"https:\/\/www.ernstbrunn-apotheke.at\/katalog\/wp-json\/wp\/v2\/product_cat?post=45403"},{"taxonomy":"product_tag","embeddable":true,"href":"https:\/\/www.ernstbrunn-apotheke.at\/katalog\/wp-json\/wp\/v2\/product_tag?post=45403"}],"curies":[{"name":"wp","href":"https:\/\/api.w.org\/{rel}","templated":true}]}}