{"id":45218,"date":"2025-11-10T17:06:24","date_gmt":"2025-11-10T16:06:24","guid":{"rendered":"https:\/\/www.ernstbrunn-apotheke.at\/katalog\/produkt\/thermacare-fuer-groessere-schmerzbereiche-2-stk\/"},"modified":"2025-12-08T16:22:21","modified_gmt":"2025-12-08T15:22:21","slug":"thermacare-fuer-groessere-schmerzbereiche-2-stk","status":"publish","type":"product","link":"https:\/\/www.ernstbrunn-apotheke.at\/katalog\/produkt\/thermacare-fuer-groessere-schmerzbereiche-2-stk\/","title":{"rendered":"ThermaCare f\u00fcr gr\u00f6\u00dfere Schmerzbereiche 2 Stk."},"content":{"rendered":"<p>ThermaCare f\u00fcr gr\u00f6\u00dfere Schmerzbereiche eigenen sich besonders gut zur Behandlung von gr\u00f6\u00dferen Schmerzbereichen. Die hautfreundlichen Auflagen mit 13 patentierten W\u00e4rmezellen sind flexibel einsetzbar und werden mit vier Klebepunkten auf der Haut angebracht &#8211; profitieren Sie von hohen Rabatten und dem gro\u00dfen Sortiment einer Standortapotheke!<\/p>\n","protected":false},"excerpt":{"rendered":"<p>ThermaCare f\u00fcr gr\u00f6\u00dfere Schmerzbereiche eigenen sich besonders gut zur Behandlung von gr\u00f6\u00dferen Schmerzbereichen. Die hautfreundlichen Auflagen mit 13 patentierten W\u00e4rmezellen sind flexibel einsetzbar und werden mit vier Klebepunkten auf der Haut angebracht &#8211; profitieren Sie von hohen Rabatten und dem gro\u00dfen Sortiment einer Standortapotheke!<\/p>\n","protected":false},"featured_media":45220,"template":"","meta":{"_acf_changed":false},"product_brand":[998],"product_cat":[798],"product_tag":[],"class_list":{"0":"post-45218","1":"product","2":"type-product","3":"status-publish","4":"has-post-thumbnail","6":"product_brand-therma-care","7":"product_cat-t","8":"pa_packungsgroesse-2-stueck","10":"first","11":"instock","12":"shipping-taxable","13":"purchasable","14":"product-type-simple"},"acf":[],"_links":{"self":[{"href":"https:\/\/www.ernstbrunn-apotheke.at\/katalog\/wp-json\/wp\/v2\/product\/45218","targetHints":{"allow":["GET"]}}],"collection":[{"href":"https:\/\/www.ernstbrunn-apotheke.at\/katalog\/wp-json\/wp\/v2\/product"}],"about":[{"href":"https:\/\/www.ernstbrunn-apotheke.at\/katalog\/wp-json\/wp\/v2\/types\/product"}],"wp:featuredmedia":[{"embeddable":true,"href":"https:\/\/www.ernstbrunn-apotheke.at\/katalog\/wp-json\/wp\/v2\/media\/45220"}],"wp:attachment":[{"href":"https:\/\/www.ernstbrunn-apotheke.at\/katalog\/wp-json\/wp\/v2\/media?parent=45218"}],"wp:term":[{"taxonomy":"product_brand","embeddable":true,"href":"https:\/\/www.ernstbrunn-apotheke.at\/katalog\/wp-json\/wp\/v2\/product_brand?post=45218"},{"taxonomy":"product_cat","embeddable":true,"href":"https:\/\/www.ernstbrunn-apotheke.at\/katalog\/wp-json\/wp\/v2\/product_cat?post=45218"},{"taxonomy":"product_tag","embeddable":true,"href":"https:\/\/www.ernstbrunn-apotheke.at\/katalog\/wp-json\/wp\/v2\/product_tag?post=45218"}],"curies":[{"name":"wp","href":"https:\/\/api.w.org\/{rel}","templated":true}]}}