{"id":45176,"date":"2025-11-10T17:05:38","date_gmt":"2025-11-10T16:05:38","guid":{"rendered":"https:\/\/www.ernstbrunn-apotheke.at\/katalog\/produkt\/thermacare-rueckenumschlaege-s-xl-2-stk\/"},"modified":"2025-12-08T16:22:15","modified_gmt":"2025-12-08T15:22:15","slug":"thermacare-rueckenumschlaege-s-xl-2-stk","status":"publish","type":"product","link":"https:\/\/www.ernstbrunn-apotheke.at\/katalog\/produkt\/thermacare-rueckenumschlaege-s-xl-2-stk\/","title":{"rendered":"ThermaCare R\u00fcckenumschl\u00e4ge S\/XL 2 Stk."},"content":{"rendered":"<p>ThermaCare R\u00fcckenumschl\u00e4ge lindern akute Schmerzen in der Muskulatur, den Gelenken oder dem Gewebe im unteren R\u00fcckenbereich. Die nat\u00fcrliche, aber sehr effektive Wirkung wird durch eine Kombination aus Tiefenw\u00e4rme (therapeutische 40\u00b0C) und Langzeitw\u00e4rme (f\u00fcr mind. acht Stunden) erreicht. W\u00e4hrend der Anwendung sind die d\u00fcnnen ThermaCare R\u00fcckenumschl\u00e4ge komfortabel und diskret unter der Kleidung zu tragen und unterst\u00fctzen so die Mobilit\u00e4t im Alltag &#8211; profitieren Sie von hohen Rabatten und dem gro\u00dfen Sortiment einer Standortapotheke!<\/p>\n","protected":false},"excerpt":{"rendered":"<p>ThermaCare R\u00fcckenumschl\u00e4ge lindern akute Schmerzen in der Muskulatur, den Gelenken oder dem Gewebe im unteren R\u00fcckenbereich. Die nat\u00fcrliche, aber sehr effektive Wirkung wird durch eine Kombination aus Tiefenw\u00e4rme (therapeutische 40\u00b0C) und Langzeitw\u00e4rme (f\u00fcr mind. acht Stunden) erreicht. W\u00e4hrend der Anwendung sind die d\u00fcnnen ThermaCare R\u00fcckenumschl\u00e4ge komfortabel und diskret unter der Kleidung zu tragen und unterst\u00fctzen [&hellip;]<\/p>\n","protected":false},"featured_media":45178,"template":"","meta":{"_acf_changed":false},"product_brand":[998],"product_cat":[798],"product_tag":[],"class_list":{"0":"post-45176","1":"product","2":"type-product","3":"status-publish","4":"has-post-thumbnail","6":"product_brand-therma-care","7":"product_cat-t","8":"pa_packungsgroesse-2-stueck","9":"pa_packungsgroesse-4-stueck","11":"first","12":"instock","13":"shipping-taxable","14":"purchasable","15":"product-type-simple"},"acf":[],"_links":{"self":[{"href":"https:\/\/www.ernstbrunn-apotheke.at\/katalog\/wp-json\/wp\/v2\/product\/45176","targetHints":{"allow":["GET"]}}],"collection":[{"href":"https:\/\/www.ernstbrunn-apotheke.at\/katalog\/wp-json\/wp\/v2\/product"}],"about":[{"href":"https:\/\/www.ernstbrunn-apotheke.at\/katalog\/wp-json\/wp\/v2\/types\/product"}],"wp:featuredmedia":[{"embeddable":true,"href":"https:\/\/www.ernstbrunn-apotheke.at\/katalog\/wp-json\/wp\/v2\/media\/45178"}],"wp:attachment":[{"href":"https:\/\/www.ernstbrunn-apotheke.at\/katalog\/wp-json\/wp\/v2\/media?parent=45176"}],"wp:term":[{"taxonomy":"product_brand","embeddable":true,"href":"https:\/\/www.ernstbrunn-apotheke.at\/katalog\/wp-json\/wp\/v2\/product_brand?post=45176"},{"taxonomy":"product_cat","embeddable":true,"href":"https:\/\/www.ernstbrunn-apotheke.at\/katalog\/wp-json\/wp\/v2\/product_cat?post=45176"},{"taxonomy":"product_tag","embeddable":true,"href":"https:\/\/www.ernstbrunn-apotheke.at\/katalog\/wp-json\/wp\/v2\/product_tag?post=45176"}],"curies":[{"name":"wp","href":"https:\/\/api.w.org\/{rel}","templated":true}]}}