{"id":45053,"date":"2025-11-10T17:03:16","date_gmt":"2025-11-10T16:03:16","guid":{"rendered":"https:\/\/www.ernstbrunn-apotheke.at\/katalog\/produkt\/perskindol-aktiv-spray-150-ml\/"},"modified":"2025-12-08T16:21:49","modified_gmt":"2025-12-08T15:21:49","slug":"perskindol-aktiv-spray-150-ml","status":"publish","type":"product","link":"https:\/\/www.ernstbrunn-apotheke.at\/katalog\/produkt\/perskindol-aktiv-spray-150-ml\/","title":{"rendered":"Perskindol Aktiv Spray 150 ml"},"content":{"rendered":"<p>Perskindol Aktiv Spray eignet sich zur Durchblutung und Lockerung der Muskeln. Das schmerzlindernde Spray eignet sich f\u00fcr die lokale Behandlung von Muskel- und Gelenksbeschwerden, wie sie beispielsweise beim Sport, im B\u00fcro und im Alltag auftreten k\u00f6nnen.<\/p>\n","protected":false},"excerpt":{"rendered":"<p>Perskindol Aktiv Spray eignet sich zur Durchblutung und Lockerung der Muskeln. Das schmerzlindernde Spray eignet sich f\u00fcr die lokale Behandlung von Muskel- und Gelenksbeschwerden, wie sie beispielsweise beim Sport, im B\u00fcro und im Alltag auftreten k\u00f6nnen.<\/p>\n","protected":false},"featured_media":45055,"template":"","meta":{"_acf_changed":false},"product_brand":[995],"product_cat":[793],"product_tag":[],"class_list":{"0":"post-45053","1":"product","2":"type-product","3":"status-publish","4":"has-post-thumbnail","6":"product_brand-perskindol","7":"product_cat-p","8":"pa_packungsgroesse-150ml","10":"first","11":"instock","12":"shipping-taxable","13":"purchasable","14":"product-type-simple"},"acf":[],"_links":{"self":[{"href":"https:\/\/www.ernstbrunn-apotheke.at\/katalog\/wp-json\/wp\/v2\/product\/45053","targetHints":{"allow":["GET"]}}],"collection":[{"href":"https:\/\/www.ernstbrunn-apotheke.at\/katalog\/wp-json\/wp\/v2\/product"}],"about":[{"href":"https:\/\/www.ernstbrunn-apotheke.at\/katalog\/wp-json\/wp\/v2\/types\/product"}],"wp:featuredmedia":[{"embeddable":true,"href":"https:\/\/www.ernstbrunn-apotheke.at\/katalog\/wp-json\/wp\/v2\/media\/45055"}],"wp:attachment":[{"href":"https:\/\/www.ernstbrunn-apotheke.at\/katalog\/wp-json\/wp\/v2\/media?parent=45053"}],"wp:term":[{"taxonomy":"product_brand","embeddable":true,"href":"https:\/\/www.ernstbrunn-apotheke.at\/katalog\/wp-json\/wp\/v2\/product_brand?post=45053"},{"taxonomy":"product_cat","embeddable":true,"href":"https:\/\/www.ernstbrunn-apotheke.at\/katalog\/wp-json\/wp\/v2\/product_cat?post=45053"},{"taxonomy":"product_tag","embeddable":true,"href":"https:\/\/www.ernstbrunn-apotheke.at\/katalog\/wp-json\/wp\/v2\/product_tag?post=45053"}],"curies":[{"name":"wp","href":"https:\/\/api.w.org\/{rel}","templated":true}]}}