{"id":45037,"date":"2025-11-10T17:03:16","date_gmt":"2025-11-10T16:03:16","guid":{"rendered":"https:\/\/www.ernstbrunn-apotheke.at\/katalog\/produkt\/perskindol-aktiv-fluid-250-ml\/"},"modified":"2025-12-08T16:21:46","modified_gmt":"2025-12-08T15:21:46","slug":"perskindol-aktiv-fluid-250-ml","status":"publish","type":"product","link":"https:\/\/www.ernstbrunn-apotheke.at\/katalog\/produkt\/perskindol-aktiv-fluid-250-ml\/","title":{"rendered":"Perskindol Aktiv Fluid 250 ml"},"content":{"rendered":"<p>Perskindol Aktiv Fluid kann auch gro\u00dffl\u00e4chig angewendet werden. Es zieht rasch in die Haut ein und hinterl\u00e4sst keinen Film auf der Haut. Besonders f\u00fcr SportlerInnen eignet sich das Produkt daher ideal. Es unterst\u00fctzt vor und w\u00e4hrend dem Sport das Aufw\u00e4rmen der Muskeln und dient der Vorbeugung, sowie Behandlung von Muskelkater und Kr\u00e4mpfen. Nach dem Sport dient das Fluid der Entspannung, Erfrischung und Erholung.<\/p>\n","protected":false},"excerpt":{"rendered":"<p>Perskindol Aktiv Fluid kann auch gro\u00dffl\u00e4chig angewendet werden. Es zieht rasch in die Haut ein und hinterl\u00e4sst keinen Film auf der Haut. Besonders f\u00fcr SportlerInnen eignet sich das Produkt daher ideal. Es unterst\u00fctzt vor und w\u00e4hrend dem Sport das Aufw\u00e4rmen der Muskeln und dient der Vorbeugung, sowie Behandlung von Muskelkater und Kr\u00e4mpfen. Nach dem Sport [&hellip;]<\/p>\n","protected":false},"featured_media":45039,"template":"","meta":{"_acf_changed":false},"product_brand":[995],"product_cat":[793],"product_tag":[],"class_list":{"0":"post-45037","1":"product","2":"type-product","3":"status-publish","4":"has-post-thumbnail","6":"product_brand-perskindol","7":"product_cat-p","8":"pa_packungsgroesse-250ml","10":"first","11":"instock","12":"shipping-taxable","13":"purchasable","14":"product-type-simple"},"acf":[],"_links":{"self":[{"href":"https:\/\/www.ernstbrunn-apotheke.at\/katalog\/wp-json\/wp\/v2\/product\/45037","targetHints":{"allow":["GET"]}}],"collection":[{"href":"https:\/\/www.ernstbrunn-apotheke.at\/katalog\/wp-json\/wp\/v2\/product"}],"about":[{"href":"https:\/\/www.ernstbrunn-apotheke.at\/katalog\/wp-json\/wp\/v2\/types\/product"}],"wp:featuredmedia":[{"embeddable":true,"href":"https:\/\/www.ernstbrunn-apotheke.at\/katalog\/wp-json\/wp\/v2\/media\/45039"}],"wp:attachment":[{"href":"https:\/\/www.ernstbrunn-apotheke.at\/katalog\/wp-json\/wp\/v2\/media?parent=45037"}],"wp:term":[{"taxonomy":"product_brand","embeddable":true,"href":"https:\/\/www.ernstbrunn-apotheke.at\/katalog\/wp-json\/wp\/v2\/product_brand?post=45037"},{"taxonomy":"product_cat","embeddable":true,"href":"https:\/\/www.ernstbrunn-apotheke.at\/katalog\/wp-json\/wp\/v2\/product_cat?post=45037"},{"taxonomy":"product_tag","embeddable":true,"href":"https:\/\/www.ernstbrunn-apotheke.at\/katalog\/wp-json\/wp\/v2\/product_tag?post=45037"}],"curies":[{"name":"wp","href":"https:\/\/api.w.org\/{rel}","templated":true}]}}