{"id":45022,"date":"2025-11-10T17:02:32","date_gmt":"2025-11-10T16:02:32","guid":{"rendered":"https:\/\/www.ernstbrunn-apotheke.at\/katalog\/produkt\/trauma-salbe-mayrhofer-kuehlend\/"},"modified":"2025-12-08T16:21:43","modified_gmt":"2025-12-08T15:21:43","slug":"trauma-salbe-mayrhofer-kuehlend","status":"publish","type":"product","link":"https:\/\/www.ernstbrunn-apotheke.at\/katalog\/produkt\/trauma-salbe-mayrhofer-kuehlend\/","title":{"rendered":"Trauma-Salbe Mayrhofer k\u00fchlend"},"content":{"rendered":"<p>Trauma-Salbe k\u00fchlend Mayrhofer ist f\u00fcr die lokale Behandlung von Schmerzen bei akuten Verletzungen des aktiven Bewegungsapparates geeignet. Es wird eine rasche Schmerzlinderung und Muskelentspannung bei gleichzeitiger K\u00fchlung erreicht. Methylsalicylat wirkt schmerzstillend und entz\u00fcndungshemmend. Menthol hat einen k\u00fchlenden Effekt und ist leicht an\u00e4sthesierend.<\/p>\n","protected":false},"excerpt":{"rendered":"<p>Trauma-Salbe k\u00fchlend Mayrhofer ist f\u00fcr die lokale Behandlung von Schmerzen bei akuten Verletzungen des aktiven Bewegungsapparates geeignet. Es wird eine rasche Schmerzlinderung und Muskelentspannung bei gleichzeitiger K\u00fchlung erreicht. Methylsalicylat wirkt schmerzstillend und entz\u00fcndungshemmend. Menthol hat einen k\u00fchlenden Effekt und ist leicht an\u00e4sthesierend.<\/p>\n","protected":false},"featured_media":45024,"template":"","meta":{"_acf_changed":false},"product_brand":[],"product_cat":[798],"product_tag":[],"class_list":{"0":"post-45022","1":"product","2":"type-product","3":"status-publish","4":"has-post-thumbnail","6":"product_cat-t","7":"pa_packungsgroesse-100g","8":"pa_packungsgroesse-40g","9":"pa_packungsgroesse-500g","11":"first","12":"instock","13":"shipping-taxable","14":"purchasable","15":"product-type-simple"},"acf":[],"_links":{"self":[{"href":"https:\/\/www.ernstbrunn-apotheke.at\/katalog\/wp-json\/wp\/v2\/product\/45022","targetHints":{"allow":["GET"]}}],"collection":[{"href":"https:\/\/www.ernstbrunn-apotheke.at\/katalog\/wp-json\/wp\/v2\/product"}],"about":[{"href":"https:\/\/www.ernstbrunn-apotheke.at\/katalog\/wp-json\/wp\/v2\/types\/product"}],"wp:featuredmedia":[{"embeddable":true,"href":"https:\/\/www.ernstbrunn-apotheke.at\/katalog\/wp-json\/wp\/v2\/media\/45024"}],"wp:attachment":[{"href":"https:\/\/www.ernstbrunn-apotheke.at\/katalog\/wp-json\/wp\/v2\/media?parent=45022"}],"wp:term":[{"taxonomy":"product_brand","embeddable":true,"href":"https:\/\/www.ernstbrunn-apotheke.at\/katalog\/wp-json\/wp\/v2\/product_brand?post=45022"},{"taxonomy":"product_cat","embeddable":true,"href":"https:\/\/www.ernstbrunn-apotheke.at\/katalog\/wp-json\/wp\/v2\/product_cat?post=45022"},{"taxonomy":"product_tag","embeddable":true,"href":"https:\/\/www.ernstbrunn-apotheke.at\/katalog\/wp-json\/wp\/v2\/product_tag?post=45022"}],"curies":[{"name":"wp","href":"https:\/\/api.w.org\/{rel}","templated":true}]}}