{"id":44964,"date":"2025-11-10T17:01:56","date_gmt":"2025-11-10T16:01:56","guid":{"rendered":"https:\/\/www.ernstbrunn-apotheke.at\/katalog\/produkt\/traumaplant-salbe\/"},"modified":"2025-12-08T16:21:33","modified_gmt":"2025-12-08T15:21:33","slug":"traumaplant-salbe","status":"publish","type":"product","link":"https:\/\/www.ernstbrunn-apotheke.at\/katalog\/produkt\/traumaplant-salbe\/","title":{"rendered":"Traumaplant Salbe"},"content":{"rendered":"<p>Der in Traumaplant-Salbe enthaltene Arzneibeinwell wirkt schmerzlindernd und entz\u00fcndungshemmend und hat sich zur \u00e4u\u00dferlichen Behandlung von stumpfen Verletzungen, Prellungen, R\u00fccken-, Muskel- und Gelenkschmerzen bew\u00e4hrt. Durch den speziellen Wirkstoffkomplex hat die Traumaplant-Salbe auch wundheilungsf\u00f6rdernde und geweberegenerierende Eigenschaften und lindert somit nicht nur Schmerzen, sondern unterst\u00fctzt auch die Heilung von begleitenden offenen Sch\u00fcrfwunden.<\/p>\n","protected":false},"excerpt":{"rendered":"<p>Der in Traumaplant-Salbe enthaltene Arzneibeinwell wirkt schmerzlindernd und entz\u00fcndungshemmend und hat sich zur \u00e4u\u00dferlichen Behandlung von stumpfen Verletzungen, Prellungen, R\u00fccken-, Muskel- und Gelenkschmerzen bew\u00e4hrt. Durch den speziellen Wirkstoffkomplex hat die Traumaplant-Salbe auch wundheilungsf\u00f6rdernde und geweberegenerierende Eigenschaften und lindert somit nicht nur Schmerzen, sondern unterst\u00fctzt auch die Heilung von begleitenden offenen Sch\u00fcrfwunden.<\/p>\n","protected":false},"featured_media":44966,"template":"","meta":{"_acf_changed":false},"product_brand":[],"product_cat":[798],"product_tag":[],"class_list":{"0":"post-44964","1":"product","2":"type-product","3":"status-publish","4":"has-post-thumbnail","6":"product_cat-t","7":"pa_packungsgroesse-100g","8":"pa_packungsgroesse-50g","10":"first","11":"instock","12":"shipping-taxable","13":"purchasable","14":"product-type-simple"},"acf":[],"_links":{"self":[{"href":"https:\/\/www.ernstbrunn-apotheke.at\/katalog\/wp-json\/wp\/v2\/product\/44964","targetHints":{"allow":["GET"]}}],"collection":[{"href":"https:\/\/www.ernstbrunn-apotheke.at\/katalog\/wp-json\/wp\/v2\/product"}],"about":[{"href":"https:\/\/www.ernstbrunn-apotheke.at\/katalog\/wp-json\/wp\/v2\/types\/product"}],"wp:featuredmedia":[{"embeddable":true,"href":"https:\/\/www.ernstbrunn-apotheke.at\/katalog\/wp-json\/wp\/v2\/media\/44966"}],"wp:attachment":[{"href":"https:\/\/www.ernstbrunn-apotheke.at\/katalog\/wp-json\/wp\/v2\/media?parent=44964"}],"wp:term":[{"taxonomy":"product_brand","embeddable":true,"href":"https:\/\/www.ernstbrunn-apotheke.at\/katalog\/wp-json\/wp\/v2\/product_brand?post=44964"},{"taxonomy":"product_cat","embeddable":true,"href":"https:\/\/www.ernstbrunn-apotheke.at\/katalog\/wp-json\/wp\/v2\/product_cat?post=44964"},{"taxonomy":"product_tag","embeddable":true,"href":"https:\/\/www.ernstbrunn-apotheke.at\/katalog\/wp-json\/wp\/v2\/product_tag?post=44964"}],"curies":[{"name":"wp","href":"https:\/\/api.w.org\/{rel}","templated":true}]}}