{"id":44954,"date":"2025-11-10T17:01:12","date_gmt":"2025-11-10T16:01:12","guid":{"rendered":"https:\/\/www.ernstbrunn-apotheke.at\/katalog\/produkt\/pasta-cool-190-g\/"},"modified":"2025-12-08T16:21:31","modified_gmt":"2025-12-08T15:21:31","slug":"pasta-cool-190-g","status":"publish","type":"product","link":"https:\/\/www.ernstbrunn-apotheke.at\/katalog\/produkt\/pasta-cool-190-g\/","title":{"rendered":"Pasta Cool 190 g"},"content":{"rendered":"<p>Pasta Cool ist eine abschwellende, entz\u00fcndungshemmende und schmerzlindernde Umschlagpaste. Sie enth\u00e4lt als Wirkstoffe Heparin und Salicyls\u00e4ure, sowie \u00e4therische \u00d6le (Rosmarin\u00f6l, Latschenkiefer\u00f6l) in einer Grundlage aus kieselsaurer Tonerde. Zusammen f\u00f6rdern sie die R\u00fcckbildung von Bluterg\u00fcssen und entz\u00fcndlichen Schwellungen, Spannungsgef\u00fchl und Schmerzen bzw. erh\u00f6hte Druckempfindlichkeit lassen nach, und die damit verbundene Bewegungseinschr\u00e4nkung geht zur\u00fcck &#8211; jetzt stark preisreduziert bestellen!<\/p>\n","protected":false},"excerpt":{"rendered":"<p>Pasta Cool ist eine abschwellende, entz\u00fcndungshemmende und schmerzlindernde Umschlagpaste. Sie enth\u00e4lt als Wirkstoffe Heparin und Salicyls\u00e4ure, sowie \u00e4therische \u00d6le (Rosmarin\u00f6l, Latschenkiefer\u00f6l) in einer Grundlage aus kieselsaurer Tonerde. Zusammen f\u00f6rdern sie die R\u00fcckbildung von Bluterg\u00fcssen und entz\u00fcndlichen Schwellungen, Spannungsgef\u00fchl und Schmerzen bzw. erh\u00f6hte Druckempfindlichkeit lassen nach, und die damit verbundene Bewegungseinschr\u00e4nkung geht zur\u00fcck &#8211; jetzt stark [&hellip;]<\/p>\n","protected":false},"featured_media":44956,"template":"","meta":{"_acf_changed":false},"product_brand":[],"product_cat":[793],"product_tag":[],"class_list":{"0":"post-44954","1":"product","2":"type-product","3":"status-publish","4":"has-post-thumbnail","6":"product_cat-p","7":"pa_packungsgroesse-190g","9":"first","10":"instock","11":"shipping-taxable","12":"purchasable","13":"product-type-simple"},"acf":[],"_links":{"self":[{"href":"https:\/\/www.ernstbrunn-apotheke.at\/katalog\/wp-json\/wp\/v2\/product\/44954","targetHints":{"allow":["GET"]}}],"collection":[{"href":"https:\/\/www.ernstbrunn-apotheke.at\/katalog\/wp-json\/wp\/v2\/product"}],"about":[{"href":"https:\/\/www.ernstbrunn-apotheke.at\/katalog\/wp-json\/wp\/v2\/types\/product"}],"wp:featuredmedia":[{"embeddable":true,"href":"https:\/\/www.ernstbrunn-apotheke.at\/katalog\/wp-json\/wp\/v2\/media\/44956"}],"wp:attachment":[{"href":"https:\/\/www.ernstbrunn-apotheke.at\/katalog\/wp-json\/wp\/v2\/media?parent=44954"}],"wp:term":[{"taxonomy":"product_brand","embeddable":true,"href":"https:\/\/www.ernstbrunn-apotheke.at\/katalog\/wp-json\/wp\/v2\/product_brand?post=44954"},{"taxonomy":"product_cat","embeddable":true,"href":"https:\/\/www.ernstbrunn-apotheke.at\/katalog\/wp-json\/wp\/v2\/product_cat?post=44954"},{"taxonomy":"product_tag","embeddable":true,"href":"https:\/\/www.ernstbrunn-apotheke.at\/katalog\/wp-json\/wp\/v2\/product_tag?post=44954"}],"curies":[{"name":"wp","href":"https:\/\/api.w.org\/{rel}","templated":true}]}}