{"id":44938,"date":"2025-11-10T17:01:12","date_gmt":"2025-11-10T16:01:12","guid":{"rendered":"https:\/\/www.ernstbrunn-apotheke.at\/katalog\/produkt\/trauma-salbe-waermend-mayrhofer\/"},"modified":"2025-12-08T16:22:18","modified_gmt":"2025-12-08T15:22:18","slug":"trauma-salbe-waermend-mayrhofer","status":"publish","type":"product","link":"https:\/\/www.ernstbrunn-apotheke.at\/katalog\/produkt\/trauma-salbe-waermend-mayrhofer\/","title":{"rendered":"Trauma-Salbe w\u00e4rmend Mayrhofer"},"content":{"rendered":"<p>Trauma-Salbe w\u00e4rmend Mayrhofer ist eine Salbe zur \u00f6rtlichen Behandlung von Beschwerden des aktiven Bewegungsapparates. Schmerzstillende und durchblutungsf\u00f6rdernde Substanzen lindern das Schmerzempfinden und verbessern die Beweglichkeit.<\/p>\n","protected":false},"excerpt":{"rendered":"<p>Trauma-Salbe w\u00e4rmend Mayrhofer ist eine Salbe zur \u00f6rtlichen Behandlung von Beschwerden des aktiven Bewegungsapparates. Schmerzstillende und durchblutungsf\u00f6rdernde Substanzen lindern das Schmerzempfinden und verbessern die Beweglichkeit.<\/p>\n","protected":false},"featured_media":44940,"template":"","meta":{"_acf_changed":false},"product_brand":[],"product_cat":[798],"product_tag":[],"class_list":{"0":"post-44938","1":"product","2":"type-product","3":"status-publish","4":"has-post-thumbnail","6":"product_cat-t","7":"pa_packungsgroesse-100g","8":"pa_packungsgroesse-40g","9":"pa_packungsgroesse-500g","11":"first","12":"instock","13":"shipping-taxable","14":"purchasable","15":"product-type-variable"},"acf":[],"_links":{"self":[{"href":"https:\/\/www.ernstbrunn-apotheke.at\/katalog\/wp-json\/wp\/v2\/product\/44938","targetHints":{"allow":["GET"]}}],"collection":[{"href":"https:\/\/www.ernstbrunn-apotheke.at\/katalog\/wp-json\/wp\/v2\/product"}],"about":[{"href":"https:\/\/www.ernstbrunn-apotheke.at\/katalog\/wp-json\/wp\/v2\/types\/product"}],"wp:featuredmedia":[{"embeddable":true,"href":"https:\/\/www.ernstbrunn-apotheke.at\/katalog\/wp-json\/wp\/v2\/media\/44940"}],"wp:attachment":[{"href":"https:\/\/www.ernstbrunn-apotheke.at\/katalog\/wp-json\/wp\/v2\/media?parent=44938"}],"wp:term":[{"taxonomy":"product_brand","embeddable":true,"href":"https:\/\/www.ernstbrunn-apotheke.at\/katalog\/wp-json\/wp\/v2\/product_brand?post=44938"},{"taxonomy":"product_cat","embeddable":true,"href":"https:\/\/www.ernstbrunn-apotheke.at\/katalog\/wp-json\/wp\/v2\/product_cat?post=44938"},{"taxonomy":"product_tag","embeddable":true,"href":"https:\/\/www.ernstbrunn-apotheke.at\/katalog\/wp-json\/wp\/v2\/product_tag?post=44938"}],"curies":[{"name":"wp","href":"https:\/\/api.w.org\/{rel}","templated":true}]}}