{"id":44864,"date":"2025-11-10T16:58:38","date_gmt":"2025-11-10T15:58:38","guid":{"rendered":"https:\/\/www.ernstbrunn-apotheke.at\/katalog\/produkt\/baikal-helmkraut-kapseln-60-stk\/"},"modified":"2025-12-08T16:21:16","modified_gmt":"2025-12-08T15:21:16","slug":"baikal-helmkraut-kapseln-60-stk","status":"publish","type":"product","link":"https:\/\/www.ernstbrunn-apotheke.at\/katalog\/produkt\/baikal-helmkraut-kapseln-60-stk\/","title":{"rendered":"Baikal Helmkraut Kapseln 60 Stk."},"content":{"rendered":"<p>Baikal Helmkraut Kapseln eignen sich zur unterst\u00fctzenden Behandlung allergischer Beschwerden. Diese Formulierung ist besonders f\u00fcr Personen gedacht, denen das Sortiment \u00fcblicher anti-allergischer Mittel nicht ausreicht oder die eine Komponente nat\u00fcrlichen Ursprungs in ihre Allergiekontrolle einflie\u00dfen lassen m\u00f6chten..<\/p>\n","protected":false},"excerpt":{"rendered":"<p>Baikal Helmkraut Kapseln eignen sich zur unterst\u00fctzenden Behandlung allergischer Beschwerden. Diese Formulierung ist besonders f\u00fcr Personen gedacht, denen das Sortiment \u00fcblicher anti-allergischer Mittel nicht ausreicht oder die eine Komponente nat\u00fcrlichen Ursprungs in ihre Allergiekontrolle einflie\u00dfen lassen m\u00f6chten..<\/p>\n","protected":false},"featured_media":44866,"template":"","meta":{"_acf_changed":false},"product_brand":[],"product_cat":[802],"product_tag":[],"class_list":{"0":"post-44864","1":"product","2":"type-product","3":"status-publish","4":"has-post-thumbnail","6":"product_cat-b","7":"pa_packungsgroesse-60-stueck","9":"first","10":"instock","11":"shipping-taxable","12":"purchasable","13":"product-type-simple"},"acf":[],"_links":{"self":[{"href":"https:\/\/www.ernstbrunn-apotheke.at\/katalog\/wp-json\/wp\/v2\/product\/44864","targetHints":{"allow":["GET"]}}],"collection":[{"href":"https:\/\/www.ernstbrunn-apotheke.at\/katalog\/wp-json\/wp\/v2\/product"}],"about":[{"href":"https:\/\/www.ernstbrunn-apotheke.at\/katalog\/wp-json\/wp\/v2\/types\/product"}],"wp:featuredmedia":[{"embeddable":true,"href":"https:\/\/www.ernstbrunn-apotheke.at\/katalog\/wp-json\/wp\/v2\/media\/44866"}],"wp:attachment":[{"href":"https:\/\/www.ernstbrunn-apotheke.at\/katalog\/wp-json\/wp\/v2\/media?parent=44864"}],"wp:term":[{"taxonomy":"product_brand","embeddable":true,"href":"https:\/\/www.ernstbrunn-apotheke.at\/katalog\/wp-json\/wp\/v2\/product_brand?post=44864"},{"taxonomy":"product_cat","embeddable":true,"href":"https:\/\/www.ernstbrunn-apotheke.at\/katalog\/wp-json\/wp\/v2\/product_cat?post=44864"},{"taxonomy":"product_tag","embeddable":true,"href":"https:\/\/www.ernstbrunn-apotheke.at\/katalog\/wp-json\/wp\/v2\/product_tag?post=44864"}],"curies":[{"name":"wp","href":"https:\/\/api.w.org\/{rel}","templated":true}]}}