{"id":44852,"date":"2025-11-10T16:58:38","date_gmt":"2025-11-10T15:58:38","guid":{"rendered":"https:\/\/www.ernstbrunn-apotheke.at\/katalog\/produkt\/phytodolor-rheumatropfen-100-ml\/"},"modified":"2025-12-08T16:21:13","modified_gmt":"2025-12-08T15:21:13","slug":"phytodolor-rheumatropfen-100-ml","status":"publish","type":"product","link":"https:\/\/www.ernstbrunn-apotheke.at\/katalog\/produkt\/phytodolor-rheumatropfen-100-ml\/","title":{"rendered":"Phytodolor Rheumatropfen 100 ml"},"content":{"rendered":"<p>Phytodolor Rheumatropfen sind ein pflanzliches Arzneimittel mit schmerzstillenden und antirheumatischen Eigenschaften. Die Inhaltsstoffe der Zitterpappel und der Goldrute wirken entw\u00e4ssernd und dichten die feinen Blutgef\u00e4\u00dfe nach au\u00dfen hin ab. Dadurch werden Schwellungen verringert.<\/p>\n","protected":false},"excerpt":{"rendered":"<p>Phytodolor Rheumatropfen sind ein pflanzliches Arzneimittel mit schmerzstillenden und antirheumatischen Eigenschaften. Die Inhaltsstoffe der Zitterpappel und der Goldrute wirken entw\u00e4ssernd und dichten die feinen Blutgef\u00e4\u00dfe nach au\u00dfen hin ab. Dadurch werden Schwellungen verringert.<\/p>\n","protected":false},"featured_media":44854,"template":"","meta":{"_acf_changed":false},"product_brand":[],"product_cat":[793],"product_tag":[],"class_list":{"0":"post-44852","1":"product","2":"type-product","3":"status-publish","4":"has-post-thumbnail","6":"product_cat-p","7":"pa_packungsgroesse-100ml","9":"first","10":"instock","11":"shipping-taxable","12":"purchasable","13":"product-type-simple"},"acf":[],"_links":{"self":[{"href":"https:\/\/www.ernstbrunn-apotheke.at\/katalog\/wp-json\/wp\/v2\/product\/44852","targetHints":{"allow":["GET"]}}],"collection":[{"href":"https:\/\/www.ernstbrunn-apotheke.at\/katalog\/wp-json\/wp\/v2\/product"}],"about":[{"href":"https:\/\/www.ernstbrunn-apotheke.at\/katalog\/wp-json\/wp\/v2\/types\/product"}],"wp:featuredmedia":[{"embeddable":true,"href":"https:\/\/www.ernstbrunn-apotheke.at\/katalog\/wp-json\/wp\/v2\/media\/44854"}],"wp:attachment":[{"href":"https:\/\/www.ernstbrunn-apotheke.at\/katalog\/wp-json\/wp\/v2\/media?parent=44852"}],"wp:term":[{"taxonomy":"product_brand","embeddable":true,"href":"https:\/\/www.ernstbrunn-apotheke.at\/katalog\/wp-json\/wp\/v2\/product_brand?post=44852"},{"taxonomy":"product_cat","embeddable":true,"href":"https:\/\/www.ernstbrunn-apotheke.at\/katalog\/wp-json\/wp\/v2\/product_cat?post=44852"},{"taxonomy":"product_tag","embeddable":true,"href":"https:\/\/www.ernstbrunn-apotheke.at\/katalog\/wp-json\/wp\/v2\/product_tag?post=44852"}],"curies":[{"name":"wp","href":"https:\/\/api.w.org\/{rel}","templated":true}]}}