{"id":44813,"date":"2025-11-10T16:57:47","date_gmt":"2025-11-10T15:57:47","guid":{"rendered":"https:\/\/www.ernstbrunn-apotheke.at\/katalog\/produkt\/eu-med-200mg-schmerztabletten\/"},"modified":"2025-12-08T16:21:24","modified_gmt":"2025-12-08T15:21:24","slug":"eu-med-200mg-schmerztabletten","status":"publish","type":"product","link":"https:\/\/www.ernstbrunn-apotheke.at\/katalog\/produkt\/eu-med-200mg-schmerztabletten\/","title":{"rendered":"Eu-Med\u00ae 200mg Schmerztabletten"},"content":{"rendered":"<p>Eu-Med Schmerztabletten wirken schmerz- und entz\u00fcndungshemmend sowie fiebersenkend. Sie werden zur Behandlung von akuten Schmerzzust\u00e4nden, wie beispielsweise Zahnschmerzen, sowie von Fieber bei Erk\u00e4ltungskrankheiten eingesetzt.<\/p>\n","protected":false},"excerpt":{"rendered":"<p>Eu-Med Schmerztabletten wirken schmerz- und entz\u00fcndungshemmend sowie fiebersenkend. Sie werden zur Behandlung von akuten Schmerzzust\u00e4nden, wie beispielsweise Zahnschmerzen, sowie von Fieber bei Erk\u00e4ltungskrankheiten eingesetzt.<\/p>\n","protected":false},"featured_media":44815,"template":"","meta":{"_acf_changed":false},"product_brand":[],"product_cat":[794],"product_tag":[],"class_list":{"0":"post-44813","1":"product","2":"type-product","3":"status-publish","4":"has-post-thumbnail","6":"product_cat-e","7":"pa_packungsgroesse-10-stueck","8":"pa_packungsgroesse-30-stueck","9":"pa_packungsgroesse-50-stueck","11":"first","12":"instock","13":"shipping-taxable","14":"purchasable","15":"product-type-variable"},"acf":[],"_links":{"self":[{"href":"https:\/\/www.ernstbrunn-apotheke.at\/katalog\/wp-json\/wp\/v2\/product\/44813","targetHints":{"allow":["GET"]}}],"collection":[{"href":"https:\/\/www.ernstbrunn-apotheke.at\/katalog\/wp-json\/wp\/v2\/product"}],"about":[{"href":"https:\/\/www.ernstbrunn-apotheke.at\/katalog\/wp-json\/wp\/v2\/types\/product"}],"wp:featuredmedia":[{"embeddable":true,"href":"https:\/\/www.ernstbrunn-apotheke.at\/katalog\/wp-json\/wp\/v2\/media\/44815"}],"wp:attachment":[{"href":"https:\/\/www.ernstbrunn-apotheke.at\/katalog\/wp-json\/wp\/v2\/media?parent=44813"}],"wp:term":[{"taxonomy":"product_brand","embeddable":true,"href":"https:\/\/www.ernstbrunn-apotheke.at\/katalog\/wp-json\/wp\/v2\/product_brand?post=44813"},{"taxonomy":"product_cat","embeddable":true,"href":"https:\/\/www.ernstbrunn-apotheke.at\/katalog\/wp-json\/wp\/v2\/product_cat?post=44813"},{"taxonomy":"product_tag","embeddable":true,"href":"https:\/\/www.ernstbrunn-apotheke.at\/katalog\/wp-json\/wp\/v2\/product_tag?post=44813"}],"curies":[{"name":"wp","href":"https:\/\/api.w.org\/{rel}","templated":true}]}}