{"id":44792,"date":"2025-11-10T16:38:26","date_gmt":"2025-11-10T15:38:26","guid":{"rendered":"https:\/\/www.ernstbrunn-apotheke.at\/katalog\/produkt\/aspirin-protect-100mg-filmtabletten\/"},"modified":"2025-12-08T16:20:57","modified_gmt":"2025-12-08T15:20:57","slug":"aspirin-protect-100mg-filmtabletten","status":"publish","type":"product","link":"https:\/\/www.ernstbrunn-apotheke.at\/katalog\/produkt\/aspirin-protect-100mg-filmtabletten\/","title":{"rendered":"Aspirin\u00ae Protect 100mg Filmtabletten"},"content":{"rendered":"<p>Aspirin Protect eignet sich zur Vorbeugung von weiteren Schlaganf\u00e4llen und Herzinfarkten nach Erstereignissen. Die magensaftresistente Filmtablette &#8222;verd\u00fcnnt&#8220; das Blut und verhindert, dass Blutpl\u00e4ttchen verklumpen und so die Gef\u00e4\u00dfe verstopfen.<\/p>\n","protected":false},"excerpt":{"rendered":"<p>Aspirin Protect eignet sich zur Vorbeugung von weiteren Schlaganf\u00e4llen und Herzinfarkten nach Erstereignissen. Die magensaftresistente Filmtablette &#8222;verd\u00fcnnt&#8220; das Blut und verhindert, dass Blutpl\u00e4ttchen verklumpen und so die Gef\u00e4\u00dfe verstopfen.<\/p>\n","protected":false},"featured_media":44794,"template":"","meta":{"_acf_changed":false},"product_brand":[517],"product_cat":[801],"product_tag":[],"class_list":{"0":"post-44792","1":"product","2":"type-product","3":"status-publish","4":"has-post-thumbnail","6":"product_brand-aspirin","7":"product_cat-a","8":"pa_packungsgroesse-60-stueck","10":"first","11":"instock","12":"shipping-taxable","13":"purchasable","14":"product-type-simple"},"acf":[],"_links":{"self":[{"href":"https:\/\/www.ernstbrunn-apotheke.at\/katalog\/wp-json\/wp\/v2\/product\/44792","targetHints":{"allow":["GET"]}}],"collection":[{"href":"https:\/\/www.ernstbrunn-apotheke.at\/katalog\/wp-json\/wp\/v2\/product"}],"about":[{"href":"https:\/\/www.ernstbrunn-apotheke.at\/katalog\/wp-json\/wp\/v2\/types\/product"}],"wp:featuredmedia":[{"embeddable":true,"href":"https:\/\/www.ernstbrunn-apotheke.at\/katalog\/wp-json\/wp\/v2\/media\/44794"}],"wp:attachment":[{"href":"https:\/\/www.ernstbrunn-apotheke.at\/katalog\/wp-json\/wp\/v2\/media?parent=44792"}],"wp:term":[{"taxonomy":"product_brand","embeddable":true,"href":"https:\/\/www.ernstbrunn-apotheke.at\/katalog\/wp-json\/wp\/v2\/product_brand?post=44792"},{"taxonomy":"product_cat","embeddable":true,"href":"https:\/\/www.ernstbrunn-apotheke.at\/katalog\/wp-json\/wp\/v2\/product_cat?post=44792"},{"taxonomy":"product_tag","embeddable":true,"href":"https:\/\/www.ernstbrunn-apotheke.at\/katalog\/wp-json\/wp\/v2\/product_tag?post=44792"}],"curies":[{"name":"wp","href":"https:\/\/api.w.org\/{rel}","templated":true}]}}