{"id":44731,"date":"2025-11-10T16:36:45","date_gmt":"2025-11-10T15:36:45","guid":{"rendered":"https:\/\/www.ernstbrunn-apotheke.at\/katalog\/produkt\/paracetamol-genericon-500-mg-tabletten-20-stk\/"},"modified":"2025-12-08T16:20:43","modified_gmt":"2025-12-08T15:20:43","slug":"paracetamol-genericon-500-mg-tabletten-20-stk","status":"publish","type":"product","link":"https:\/\/www.ernstbrunn-apotheke.at\/katalog\/produkt\/paracetamol-genericon-500-mg-tabletten-20-stk\/","title":{"rendered":"Paracetamol Genericon 500 mg Tabletten 20 Stk."},"content":{"rendered":"<p>Paracetamol Genericon enth\u00e4lt den schmerzstillenden und fiebersenkenden Wirkstoff Paracetamol. Das Genericon wird angewendet bei leichten bis m\u00e4\u00dfig starken Schmerzen (wie Kopfschmerzen, Zahnschmerzen, Regelschmerzen) sowie bei Fieber und Schmerzen bei Erk\u00e4ltungskrankheiten und grippalen Infekten.<\/p>\n","protected":false},"excerpt":{"rendered":"<p>Paracetamol Genericon enth\u00e4lt den schmerzstillenden und fiebersenkenden Wirkstoff Paracetamol. Das Genericon wird angewendet bei leichten bis m\u00e4\u00dfig starken Schmerzen (wie Kopfschmerzen, Zahnschmerzen, Regelschmerzen) sowie bei Fieber und Schmerzen bei Erk\u00e4ltungskrankheiten und grippalen Infekten.<\/p>\n","protected":false},"featured_media":44733,"template":"","meta":{"_acf_changed":false},"product_brand":[],"product_cat":[793],"product_tag":[],"class_list":{"0":"post-44731","1":"product","2":"type-product","3":"status-publish","4":"has-post-thumbnail","6":"product_cat-p","7":"pa_packungsgroesse-20-stueck","9":"first","10":"instock","11":"shipping-taxable","12":"purchasable","13":"product-type-simple"},"acf":[],"_links":{"self":[{"href":"https:\/\/www.ernstbrunn-apotheke.at\/katalog\/wp-json\/wp\/v2\/product\/44731","targetHints":{"allow":["GET"]}}],"collection":[{"href":"https:\/\/www.ernstbrunn-apotheke.at\/katalog\/wp-json\/wp\/v2\/product"}],"about":[{"href":"https:\/\/www.ernstbrunn-apotheke.at\/katalog\/wp-json\/wp\/v2\/types\/product"}],"wp:featuredmedia":[{"embeddable":true,"href":"https:\/\/www.ernstbrunn-apotheke.at\/katalog\/wp-json\/wp\/v2\/media\/44733"}],"wp:attachment":[{"href":"https:\/\/www.ernstbrunn-apotheke.at\/katalog\/wp-json\/wp\/v2\/media?parent=44731"}],"wp:term":[{"taxonomy":"product_brand","embeddable":true,"href":"https:\/\/www.ernstbrunn-apotheke.at\/katalog\/wp-json\/wp\/v2\/product_brand?post=44731"},{"taxonomy":"product_cat","embeddable":true,"href":"https:\/\/www.ernstbrunn-apotheke.at\/katalog\/wp-json\/wp\/v2\/product_cat?post=44731"},{"taxonomy":"product_tag","embeddable":true,"href":"https:\/\/www.ernstbrunn-apotheke.at\/katalog\/wp-json\/wp\/v2\/product_tag?post=44731"}],"curies":[{"name":"wp","href":"https:\/\/api.w.org\/{rel}","templated":true}]}}