{"id":44673,"date":"2025-11-10T16:35:48","date_gmt":"2025-11-10T15:35:48","guid":{"rendered":"https:\/\/www.ernstbrunn-apotheke.at\/katalog\/produkt\/ratiodolor-ibuprofen-400-mg-filmtabletten\/"},"modified":"2025-12-08T16:20:34","modified_gmt":"2025-12-08T15:20:34","slug":"ratiodolor-ibuprofen-400-mg-filmtabletten","status":"publish","type":"product","link":"https:\/\/www.ernstbrunn-apotheke.at\/katalog\/produkt\/ratiodolor-ibuprofen-400-mg-filmtabletten\/","title":{"rendered":"ratioDolor Ibuprofen 400 mg Filmtabletten"},"content":{"rendered":"<p>ratioDolor Ibuprofen 400 mg ist ein schmerzstillendes und fiebersenkendes Arzneimittel. Das Produkt wird angewendet zur kurzzeitigen symptomatischen Behandlung von leichten bis m\u00e4\u00dfig starken Schmerzen wie Kopfschmerzen, Zahnschmerzen, Regelschmerzen und Fieber und Schmerzen bei Erk\u00e4ltung sowie akuten Migr\u00e4nekopfschmerzen mit oder ohne Aura. ratioDolor Ibuprofen 400 mg wird angewendet bei Kindern ab 20 kg K\u00f6rpergewicht (6 Jahre und \u00e4lter), Jugendlichen und Erwachsenen.<\/p>\n","protected":false},"excerpt":{"rendered":"<p>ratioDolor Ibuprofen 400 mg ist ein schmerzstillendes und fiebersenkendes Arzneimittel. Das Produkt wird angewendet zur kurzzeitigen symptomatischen Behandlung von leichten bis m\u00e4\u00dfig starken Schmerzen wie Kopfschmerzen, Zahnschmerzen, Regelschmerzen und Fieber und Schmerzen bei Erk\u00e4ltung sowie akuten Migr\u00e4nekopfschmerzen mit oder ohne Aura. ratioDolor Ibuprofen 400 mg wird angewendet bei Kindern ab 20 kg K\u00f6rpergewicht (6 Jahre [&hellip;]<\/p>\n","protected":false},"featured_media":44675,"template":"","meta":{"_acf_changed":false},"product_brand":[551],"product_cat":[808],"product_tag":[],"class_list":{"0":"post-44673","1":"product","2":"type-product","3":"status-publish","4":"has-post-thumbnail","6":"product_brand-ratiodolor","7":"product_cat-r","8":"pa_packungsgroesse-20-stueck","9":"pa_packungsgroesse-50-stueck","11":"first","12":"instock","13":"shipping-taxable","14":"purchasable","15":"product-type-simple"},"acf":[],"_links":{"self":[{"href":"https:\/\/www.ernstbrunn-apotheke.at\/katalog\/wp-json\/wp\/v2\/product\/44673","targetHints":{"allow":["GET"]}}],"collection":[{"href":"https:\/\/www.ernstbrunn-apotheke.at\/katalog\/wp-json\/wp\/v2\/product"}],"about":[{"href":"https:\/\/www.ernstbrunn-apotheke.at\/katalog\/wp-json\/wp\/v2\/types\/product"}],"wp:featuredmedia":[{"embeddable":true,"href":"https:\/\/www.ernstbrunn-apotheke.at\/katalog\/wp-json\/wp\/v2\/media\/44675"}],"wp:attachment":[{"href":"https:\/\/www.ernstbrunn-apotheke.at\/katalog\/wp-json\/wp\/v2\/media?parent=44673"}],"wp:term":[{"taxonomy":"product_brand","embeddable":true,"href":"https:\/\/www.ernstbrunn-apotheke.at\/katalog\/wp-json\/wp\/v2\/product_brand?post=44673"},{"taxonomy":"product_cat","embeddable":true,"href":"https:\/\/www.ernstbrunn-apotheke.at\/katalog\/wp-json\/wp\/v2\/product_cat?post=44673"},{"taxonomy":"product_tag","embeddable":true,"href":"https:\/\/www.ernstbrunn-apotheke.at\/katalog\/wp-json\/wp\/v2\/product_tag?post=44673"}],"curies":[{"name":"wp","href":"https:\/\/api.w.org\/{rel}","templated":true}]}}