{"id":44632,"date":"2025-11-10T16:35:05","date_gmt":"2025-11-10T15:35:05","guid":{"rendered":"https:\/\/www.ernstbrunn-apotheke.at\/katalog\/produkt\/mexalen-500-mg-tabletten\/"},"modified":"2025-12-08T16:20:27","modified_gmt":"2025-12-08T15:20:27","slug":"mexalen-500-mg-tabletten","status":"publish","type":"product","link":"https:\/\/www.ernstbrunn-apotheke.at\/katalog\/produkt\/mexalen-500-mg-tabletten\/","title":{"rendered":"Mexalen 500 mg Tabletten"},"content":{"rendered":"<p>Der Wirkstoff von Mexalen 500 mg, Paracetamol, wirkt rasch schmerzstillend, fiebersenkend und ist sehr gut vertr\u00e4glich. Mexalen 500 mg kann bei einer gro\u00dfen Bandbreite von Schmerzen eingesetzt werden, wie z.B. bei Zahnschmerzen, Gelenk- und Muskelschmerzen, Kopfschmerzen, Menstruationsbeschwerden, Schmerzen bei Erk\u00e4ltungskrankheiten und grippalen Infekten. Paracetamol eignet sich hervorragend f\u00fcr Patienten, die keine Acetylsalicyls\u00e4ure vertragen oder Magenprobleme haben.<\/p>\n","protected":false},"excerpt":{"rendered":"<p>Der Wirkstoff von Mexalen 500 mg, Paracetamol, wirkt rasch schmerzstillend, fiebersenkend und ist sehr gut vertr\u00e4glich. Mexalen 500 mg kann bei einer gro\u00dfen Bandbreite von Schmerzen eingesetzt werden, wie z.B. bei Zahnschmerzen, Gelenk- und Muskelschmerzen, Kopfschmerzen, Menstruationsbeschwerden, Schmerzen bei Erk\u00e4ltungskrankheiten und grippalen Infekten. Paracetamol eignet sich hervorragend f\u00fcr Patienten, die keine Acetylsalicyls\u00e4ure vertragen oder Magenprobleme [&hellip;]<\/p>\n","protected":false},"featured_media":44634,"template":"","meta":{"_acf_changed":false},"product_brand":[381],"product_cat":[800],"product_tag":[],"class_list":{"0":"post-44632","1":"product","2":"type-product","3":"status-publish","4":"has-post-thumbnail","6":"product_brand-ratiopharm","7":"product_cat-m","8":"pa_packungsgroesse-30-stueck","9":"pa_packungsgroesse-60-stueck","11":"first","12":"instock","13":"shipping-taxable","14":"purchasable","15":"product-type-simple"},"acf":[],"_links":{"self":[{"href":"https:\/\/www.ernstbrunn-apotheke.at\/katalog\/wp-json\/wp\/v2\/product\/44632","targetHints":{"allow":["GET"]}}],"collection":[{"href":"https:\/\/www.ernstbrunn-apotheke.at\/katalog\/wp-json\/wp\/v2\/product"}],"about":[{"href":"https:\/\/www.ernstbrunn-apotheke.at\/katalog\/wp-json\/wp\/v2\/types\/product"}],"wp:featuredmedia":[{"embeddable":true,"href":"https:\/\/www.ernstbrunn-apotheke.at\/katalog\/wp-json\/wp\/v2\/media\/44634"}],"wp:attachment":[{"href":"https:\/\/www.ernstbrunn-apotheke.at\/katalog\/wp-json\/wp\/v2\/media?parent=44632"}],"wp:term":[{"taxonomy":"product_brand","embeddable":true,"href":"https:\/\/www.ernstbrunn-apotheke.at\/katalog\/wp-json\/wp\/v2\/product_brand?post=44632"},{"taxonomy":"product_cat","embeddable":true,"href":"https:\/\/www.ernstbrunn-apotheke.at\/katalog\/wp-json\/wp\/v2\/product_cat?post=44632"},{"taxonomy":"product_tag","embeddable":true,"href":"https:\/\/www.ernstbrunn-apotheke.at\/katalog\/wp-json\/wp\/v2\/product_tag?post=44632"}],"curies":[{"name":"wp","href":"https:\/\/api.w.org\/{rel}","templated":true}]}}