{"id":44554,"date":"2025-11-10T16:33:23","date_gmt":"2025-11-10T15:33:23","guid":{"rendered":"https:\/\/www.ernstbrunn-apotheke.at\/katalog\/produkt\/hartmann-peha-fresh-d-1-stk\/"},"modified":"2025-12-08T16:20:02","modified_gmt":"2025-12-08T15:20:02","slug":"hartmann-peha-fresh-d-1-stk","status":"publish","type":"product","link":"https:\/\/www.ernstbrunn-apotheke.at\/katalog\/produkt\/hartmann-peha-fresh-d-1-stk\/","title":{"rendered":"Hartmann Peha-fresh D 1 Stk."},"content":{"rendered":"<p>Mit einem breiten Spektrum anwendergerechter Produkte und ma\u00dfgeschneiderter Serviceleistungen bietet Hartmann innovative Systemangebote f\u00fcr Profis in Medizin und Pflege. Damit tr\u00e4gt Hartmann dazu bei, die t\u00e4gliche Arbeit zum Wohl der Patienten effektiv und wirtschaftlich zu gestalten. Partnerschaftlich, pragmatisch, passioniert.<\/p>\n","protected":false},"excerpt":{"rendered":"<p>Mit einem breiten Spektrum anwendergerechter Produkte und ma\u00dfgeschneiderter Serviceleistungen bietet Hartmann innovative Systemangebote f\u00fcr Profis in Medizin und Pflege. Damit tr\u00e4gt Hartmann dazu bei, die t\u00e4gliche Arbeit zum Wohl der Patienten effektiv und wirtschaftlich zu gestalten. Partnerschaftlich, pragmatisch, passioniert.<\/p>\n","protected":false},"featured_media":44556,"template":"","meta":{"_acf_changed":false},"product_brand":[949],"product_cat":[805],"product_tag":[],"class_list":{"0":"post-44554","1":"product","2":"type-product","3":"status-publish","4":"has-post-thumbnail","6":"product_brand-peha","7":"product_cat-h","8":"pa_packungsgroesse-400ml","10":"first","11":"instock","12":"shipping-taxable","13":"purchasable","14":"product-type-simple"},"acf":[],"_links":{"self":[{"href":"https:\/\/www.ernstbrunn-apotheke.at\/katalog\/wp-json\/wp\/v2\/product\/44554","targetHints":{"allow":["GET"]}}],"collection":[{"href":"https:\/\/www.ernstbrunn-apotheke.at\/katalog\/wp-json\/wp\/v2\/product"}],"about":[{"href":"https:\/\/www.ernstbrunn-apotheke.at\/katalog\/wp-json\/wp\/v2\/types\/product"}],"wp:featuredmedia":[{"embeddable":true,"href":"https:\/\/www.ernstbrunn-apotheke.at\/katalog\/wp-json\/wp\/v2\/media\/44556"}],"wp:attachment":[{"href":"https:\/\/www.ernstbrunn-apotheke.at\/katalog\/wp-json\/wp\/v2\/media?parent=44554"}],"wp:term":[{"taxonomy":"product_brand","embeddable":true,"href":"https:\/\/www.ernstbrunn-apotheke.at\/katalog\/wp-json\/wp\/v2\/product_brand?post=44554"},{"taxonomy":"product_cat","embeddable":true,"href":"https:\/\/www.ernstbrunn-apotheke.at\/katalog\/wp-json\/wp\/v2\/product_cat?post=44554"},{"taxonomy":"product_tag","embeddable":true,"href":"https:\/\/www.ernstbrunn-apotheke.at\/katalog\/wp-json\/wp\/v2\/product_tag?post=44554"}],"curies":[{"name":"wp","href":"https:\/\/api.w.org\/{rel}","templated":true}]}}