{"id":44495,"date":"2025-11-10T16:32:24","date_gmt":"2025-11-10T15:32:24","guid":{"rendered":"https:\/\/www.ernstbrunn-apotheke.at\/katalog\/produkt\/urgosoft-wundverband-1-stk-5-m-x-8-cm\/"},"modified":"2025-12-08T16:19:38","modified_gmt":"2025-12-08T15:19:38","slug":"urgosoft-wundverband-1-stk-5-m-x-8-cm","status":"publish","type":"product","link":"https:\/\/www.ernstbrunn-apotheke.at\/katalog\/produkt\/urgosoft-wundverband-1-stk-5-m-x-8-cm\/","title":{"rendered":"Urgosoft Wundverband 1 Stk. 5 m x 8 cm"},"content":{"rendered":"<p>Urgosoft Wundverband f\u00fcr besonders empfindliche Haut, atmungsaktiver, anschmiegsamer Wundschnellverband, sehr hautfreundlich und l\u00e4sst sich ohne Kleber\u00fcckst\u00e4nde sanft von Haut und Haaren l\u00f6sen, ein spezielles Schutzvlies verhindert ein Verkleben mit der Wunde und vermeidet so, dass der Wundheilungsprozess beim Verbandwechsel gest\u00f6rt wird, l\u00e4sst sich durch individuelles Zuschneiden optimal anpassen und somit sparsam verwenden.<\/p>\n","protected":false},"excerpt":{"rendered":"<p>Urgosoft Wundverband f\u00fcr besonders empfindliche Haut, atmungsaktiver, anschmiegsamer Wundschnellverband, sehr hautfreundlich und l\u00e4sst sich ohne Kleber\u00fcckst\u00e4nde sanft von Haut und Haaren l\u00f6sen, ein spezielles Schutzvlies verhindert ein Verkleben mit der Wunde und vermeidet so, dass der Wundheilungsprozess beim Verbandwechsel gest\u00f6rt wird, l\u00e4sst sich durch individuelles Zuschneiden optimal anpassen und somit sparsam verwenden.<\/p>\n","protected":false},"featured_media":44497,"template":"","meta":{"_acf_changed":false},"product_brand":[],"product_cat":[848],"product_tag":[],"class_list":{"0":"post-44495","1":"product","2":"type-product","3":"status-publish","4":"has-post-thumbnail","6":"product_cat-u","7":"pa_packungsgroesse-1-stueck","9":"first","10":"instock","11":"shipping-taxable","12":"purchasable","13":"product-type-simple"},"acf":[],"_links":{"self":[{"href":"https:\/\/www.ernstbrunn-apotheke.at\/katalog\/wp-json\/wp\/v2\/product\/44495","targetHints":{"allow":["GET"]}}],"collection":[{"href":"https:\/\/www.ernstbrunn-apotheke.at\/katalog\/wp-json\/wp\/v2\/product"}],"about":[{"href":"https:\/\/www.ernstbrunn-apotheke.at\/katalog\/wp-json\/wp\/v2\/types\/product"}],"wp:featuredmedia":[{"embeddable":true,"href":"https:\/\/www.ernstbrunn-apotheke.at\/katalog\/wp-json\/wp\/v2\/media\/44497"}],"wp:attachment":[{"href":"https:\/\/www.ernstbrunn-apotheke.at\/katalog\/wp-json\/wp\/v2\/media?parent=44495"}],"wp:term":[{"taxonomy":"product_brand","embeddable":true,"href":"https:\/\/www.ernstbrunn-apotheke.at\/katalog\/wp-json\/wp\/v2\/product_brand?post=44495"},{"taxonomy":"product_cat","embeddable":true,"href":"https:\/\/www.ernstbrunn-apotheke.at\/katalog\/wp-json\/wp\/v2\/product_cat?post=44495"},{"taxonomy":"product_tag","embeddable":true,"href":"https:\/\/www.ernstbrunn-apotheke.at\/katalog\/wp-json\/wp\/v2\/product_tag?post=44495"}],"curies":[{"name":"wp","href":"https:\/\/api.w.org\/{rel}","templated":true}]}}