{"id":44493,"date":"2025-11-10T16:32:24","date_gmt":"2025-11-10T15:32:24","guid":{"rendered":"https:\/\/www.ernstbrunn-apotheke.at\/katalog\/produkt\/polymem-non-adhesive-15-stk-108-x-108-cm\/"},"modified":"2025-12-08T16:19:36","modified_gmt":"2025-12-08T15:19:36","slug":"polymem-non-adhesive-15-stk-108-x-108-cm","status":"publish","type":"product","link":"https:\/\/www.ernstbrunn-apotheke.at\/katalog\/produkt\/polymem-non-adhesive-15-stk-108-x-108-cm\/","title":{"rendered":"PolyMem Non-adhesive 15 Stk. 10,8 x 10,8 cm"},"content":{"rendered":"<p>PolyMem Non-adhesive ist ein nichthaftender Wundverband. Er kann mit dem Produkt Ihrer Wahl und auch mittels konventioneller Verbandtechnik wie Mullbinde oder Druckverband befestigt werden. Dieses Produkt erhalten Sie in den Gr\u00f6\u00dfen 8 x 8 cm, 10 x 10 cm, 10,8 x 10,8 cm und 13 x 13 cm in Packungen zu 15 St\u00fcck und 10 x 61 cm in Packungen zu 4 St\u00fcck.<\/p>\n","protected":false},"excerpt":{"rendered":"<p>PolyMem Non-adhesive ist ein nichthaftender Wundverband. Er kann mit dem Produkt Ihrer Wahl und auch mittels konventioneller Verbandtechnik wie Mullbinde oder Druckverband befestigt werden. Dieses Produkt erhalten Sie in den Gr\u00f6\u00dfen 8 x 8 cm, 10 x 10 cm, 10,8 x 10,8 cm und 13 x 13 cm in Packungen zu 15 St\u00fcck und 10 [&hellip;]<\/p>\n","protected":false},"featured_media":0,"template":"","meta":{"_acf_changed":false},"product_brand":[],"product_cat":[793],"product_tag":[],"class_list":{"0":"post-44493","1":"product","2":"type-product","3":"status-publish","5":"product_cat-p","6":"pa_packungsgroesse-15-stueck","8":"first","9":"instock","10":"shipping-taxable","11":"purchasable","12":"product-type-simple"},"acf":[],"_links":{"self":[{"href":"https:\/\/www.ernstbrunn-apotheke.at\/katalog\/wp-json\/wp\/v2\/product\/44493","targetHints":{"allow":["GET"]}}],"collection":[{"href":"https:\/\/www.ernstbrunn-apotheke.at\/katalog\/wp-json\/wp\/v2\/product"}],"about":[{"href":"https:\/\/www.ernstbrunn-apotheke.at\/katalog\/wp-json\/wp\/v2\/types\/product"}],"wp:attachment":[{"href":"https:\/\/www.ernstbrunn-apotheke.at\/katalog\/wp-json\/wp\/v2\/media?parent=44493"}],"wp:term":[{"taxonomy":"product_brand","embeddable":true,"href":"https:\/\/www.ernstbrunn-apotheke.at\/katalog\/wp-json\/wp\/v2\/product_brand?post=44493"},{"taxonomy":"product_cat","embeddable":true,"href":"https:\/\/www.ernstbrunn-apotheke.at\/katalog\/wp-json\/wp\/v2\/product_cat?post=44493"},{"taxonomy":"product_tag","embeddable":true,"href":"https:\/\/www.ernstbrunn-apotheke.at\/katalog\/wp-json\/wp\/v2\/product_tag?post=44493"}],"curies":[{"name":"wp","href":"https:\/\/api.w.org\/{rel}","templated":true}]}}