{"id":44238,"date":"2025-11-10T16:27:28","date_gmt":"2025-11-10T15:27:28","guid":{"rendered":"https:\/\/www.ernstbrunn-apotheke.at\/katalog\/produkt\/dermaplast-hydro-fuer-kleine-wunden\/"},"modified":"2025-12-08T16:18:31","modified_gmt":"2025-12-08T15:18:31","slug":"dermaplast-hydro-fuer-kleine-wunden","status":"publish","type":"product","link":"https:\/\/www.ernstbrunn-apotheke.at\/katalog\/produkt\/dermaplast-hydro-fuer-kleine-wunden\/","title":{"rendered":"DermaPlast\u00ae Hydro f\u00fcr kleine Wunden"},"content":{"rendered":"<p>&#8222;Produkteigenschaften:Transparente Hydrokolloid-Pflasterstrips in verschiedenen Gr\u00f6\u00dfen f\u00fcr diverse Bagatellverletzungen, schnellere Wundheilung und Schmerzreduktion, wasserfest, bakterienabweisend und atmungsaktiv, hygienisch in praktischer Plastikbox verpackt.&#8220;<\/p>\n","protected":false},"excerpt":{"rendered":"<p>&#8222;Produkteigenschaften:Transparente Hydrokolloid-Pflasterstrips in verschiedenen Gr\u00f6\u00dfen f\u00fcr diverse Bagatellverletzungen, schnellere Wundheilung und Schmerzreduktion, wasserfest, bakterienabweisend und atmungsaktiv, hygienisch in praktischer Plastikbox verpackt.&#8220;<\/p>\n","protected":false},"featured_media":44240,"template":"","meta":{"_acf_changed":false},"product_brand":[988],"product_cat":[792],"product_tag":[],"class_list":{"0":"post-44238","1":"product","2":"type-product","3":"status-publish","4":"has-post-thumbnail","6":"product_brand-dermaplast","7":"product_cat-d","8":"pa_packungsgroesse-7-stueck","10":"first","11":"instock","12":"shipping-taxable","13":"purchasable","14":"product-type-simple"},"acf":[],"_links":{"self":[{"href":"https:\/\/www.ernstbrunn-apotheke.at\/katalog\/wp-json\/wp\/v2\/product\/44238","targetHints":{"allow":["GET"]}}],"collection":[{"href":"https:\/\/www.ernstbrunn-apotheke.at\/katalog\/wp-json\/wp\/v2\/product"}],"about":[{"href":"https:\/\/www.ernstbrunn-apotheke.at\/katalog\/wp-json\/wp\/v2\/types\/product"}],"wp:featuredmedia":[{"embeddable":true,"href":"https:\/\/www.ernstbrunn-apotheke.at\/katalog\/wp-json\/wp\/v2\/media\/44240"}],"wp:attachment":[{"href":"https:\/\/www.ernstbrunn-apotheke.at\/katalog\/wp-json\/wp\/v2\/media?parent=44238"}],"wp:term":[{"taxonomy":"product_brand","embeddable":true,"href":"https:\/\/www.ernstbrunn-apotheke.at\/katalog\/wp-json\/wp\/v2\/product_brand?post=44238"},{"taxonomy":"product_cat","embeddable":true,"href":"https:\/\/www.ernstbrunn-apotheke.at\/katalog\/wp-json\/wp\/v2\/product_cat?post=44238"},{"taxonomy":"product_tag","embeddable":true,"href":"https:\/\/www.ernstbrunn-apotheke.at\/katalog\/wp-json\/wp\/v2\/product_tag?post=44238"}],"curies":[{"name":"wp","href":"https:\/\/api.w.org\/{rel}","templated":true}]}}