{"id":44236,"date":"2025-11-10T16:26:52","date_gmt":"2025-11-10T15:26:52","guid":{"rendered":"https:\/\/www.ernstbrunn-apotheke.at\/katalog\/produkt\/telfa-wundauflage-atraum-100-stk-75-x-10-cm\/"},"modified":"2025-12-08T16:18:30","modified_gmt":"2025-12-08T15:18:30","slug":"telfa-wundauflage-atraum-100-stk-75-x-10-cm","status":"publish","type":"product","link":"https:\/\/www.ernstbrunn-apotheke.at\/katalog\/produkt\/telfa-wundauflage-atraum-100-stk-75-x-10-cm\/","title":{"rendered":"Telfa Wundauflage Atraum 100 Stk. 7,5 x 10 cm"},"content":{"rendered":"<p>Telfa Wundauflage Atraum aus weichem Vliesstoff ist einseitig mit perforierter synthetischer Folie beschichtet. Das verhindert, dass die Auflage mit der Wunde verklebt. Dies schont die neu gebildeten Hautzellen. Die sterilisierte Wundauflage ist ideal f\u00fcr einen schmerzlosen Verbandswechsel. Dieses Produkt ist in den Gr\u00f6\u00dfen 7,5 x 10 cm, 7,5 x 15 cm und 7,5 x 20 cm erh\u00e4ltlich.<\/p>\n","protected":false},"excerpt":{"rendered":"<p>Telfa Wundauflage Atraum aus weichem Vliesstoff ist einseitig mit perforierter synthetischer Folie beschichtet. Das verhindert, dass die Auflage mit der Wunde verklebt. Dies schont die neu gebildeten Hautzellen. Die sterilisierte Wundauflage ist ideal f\u00fcr einen schmerzlosen Verbandswechsel. Dieses Produkt ist in den Gr\u00f6\u00dfen 7,5 x 10 cm, 7,5 x 15 cm und 7,5 x 20 [&hellip;]<\/p>\n","protected":false},"featured_media":0,"template":"","meta":{"_acf_changed":false},"product_brand":[],"product_cat":[798],"product_tag":[],"class_list":{"0":"post-44236","1":"product","2":"type-product","3":"status-publish","5":"product_cat-t","6":"pa_packungsgroesse-100-stueck","8":"first","9":"instock","10":"shipping-taxable","11":"purchasable","12":"product-type-simple"},"acf":[],"_links":{"self":[{"href":"https:\/\/www.ernstbrunn-apotheke.at\/katalog\/wp-json\/wp\/v2\/product\/44236","targetHints":{"allow":["GET"]}}],"collection":[{"href":"https:\/\/www.ernstbrunn-apotheke.at\/katalog\/wp-json\/wp\/v2\/product"}],"about":[{"href":"https:\/\/www.ernstbrunn-apotheke.at\/katalog\/wp-json\/wp\/v2\/types\/product"}],"wp:attachment":[{"href":"https:\/\/www.ernstbrunn-apotheke.at\/katalog\/wp-json\/wp\/v2\/media?parent=44236"}],"wp:term":[{"taxonomy":"product_brand","embeddable":true,"href":"https:\/\/www.ernstbrunn-apotheke.at\/katalog\/wp-json\/wp\/v2\/product_brand?post=44236"},{"taxonomy":"product_cat","embeddable":true,"href":"https:\/\/www.ernstbrunn-apotheke.at\/katalog\/wp-json\/wp\/v2\/product_cat?post=44236"},{"taxonomy":"product_tag","embeddable":true,"href":"https:\/\/www.ernstbrunn-apotheke.at\/katalog\/wp-json\/wp\/v2\/product_tag?post=44236"}],"curies":[{"name":"wp","href":"https:\/\/api.w.org\/{rel}","templated":true}]}}