{"id":44163,"date":"2025-11-10T16:25:54","date_gmt":"2025-11-10T15:25:54","guid":{"rendered":"https:\/\/www.ernstbrunn-apotheke.at\/katalog\/produkt\/leukosan-strip-12-x-100-mm-2-stk\/"},"modified":"2025-12-08T16:18:10","modified_gmt":"2025-12-08T15:18:10","slug":"leukosan-strip-12-x-100-mm-2-stk","status":"publish","type":"product","link":"https:\/\/www.ernstbrunn-apotheke.at\/katalog\/produkt\/leukosan-strip-12-x-100-mm-2-stk\/","title":{"rendered":"Leukosan Strip 12 x 100 mm 2 Stk."},"content":{"rendered":"<p>Leukosan Strips sind ideal f\u00fcr den Wundverschluss im Gesichts- und Handbereich oder auch an exponierten K\u00f6rperregionen einsetzbar. Leukosan Strips bestehen aus mikropor\u00f6sem Polyamidgewebe, beschichtet mit einem Acryl-Polymer-Kleber<\/p>\n","protected":false},"excerpt":{"rendered":"<p>Leukosan Strips sind ideal f\u00fcr den Wundverschluss im Gesichts- und Handbereich oder auch an exponierten K\u00f6rperregionen einsetzbar. Leukosan Strips bestehen aus mikropor\u00f6sem Polyamidgewebe, beschichtet mit einem Acryl-Polymer-Kleber<\/p>\n","protected":false},"featured_media":44165,"template":"","meta":{"_acf_changed":false},"product_brand":[],"product_cat":[795],"product_tag":[],"class_list":{"0":"post-44163","1":"product","2":"type-product","3":"status-publish","4":"has-post-thumbnail","6":"product_cat-l","7":"pa_packungsgroesse-12-stueck","9":"first","10":"instock","11":"shipping-taxable","12":"purchasable","13":"product-type-simple"},"acf":[],"_links":{"self":[{"href":"https:\/\/www.ernstbrunn-apotheke.at\/katalog\/wp-json\/wp\/v2\/product\/44163","targetHints":{"allow":["GET"]}}],"collection":[{"href":"https:\/\/www.ernstbrunn-apotheke.at\/katalog\/wp-json\/wp\/v2\/product"}],"about":[{"href":"https:\/\/www.ernstbrunn-apotheke.at\/katalog\/wp-json\/wp\/v2\/types\/product"}],"wp:featuredmedia":[{"embeddable":true,"href":"https:\/\/www.ernstbrunn-apotheke.at\/katalog\/wp-json\/wp\/v2\/media\/44165"}],"wp:attachment":[{"href":"https:\/\/www.ernstbrunn-apotheke.at\/katalog\/wp-json\/wp\/v2\/media?parent=44163"}],"wp:term":[{"taxonomy":"product_brand","embeddable":true,"href":"https:\/\/www.ernstbrunn-apotheke.at\/katalog\/wp-json\/wp\/v2\/product_brand?post=44163"},{"taxonomy":"product_cat","embeddable":true,"href":"https:\/\/www.ernstbrunn-apotheke.at\/katalog\/wp-json\/wp\/v2\/product_cat?post=44163"},{"taxonomy":"product_tag","embeddable":true,"href":"https:\/\/www.ernstbrunn-apotheke.at\/katalog\/wp-json\/wp\/v2\/product_tag?post=44163"}],"curies":[{"name":"wp","href":"https:\/\/api.w.org\/{rel}","templated":true}]}}