{"id":44108,"date":"2025-11-10T16:24:49","date_gmt":"2025-11-10T15:24:49","guid":{"rendered":"https:\/\/www.ernstbrunn-apotheke.at\/katalog\/produkt\/verbandzellstoff-lohmann-rauscher-hochgebleicht-5-kg-38-x-58-cm\/"},"modified":"2025-12-08T16:17:57","modified_gmt":"2025-12-08T15:17:57","slug":"verbandzellstoff-lohmann-rauscher-hochgebleicht-5-kg-38-x-58-cm","status":"publish","type":"product","link":"https:\/\/www.ernstbrunn-apotheke.at\/katalog\/produkt\/verbandzellstoff-lohmann-rauscher-hochgebleicht-5-kg-38-x-58-cm\/","title":{"rendered":"Verbandzellstoff Lohmann &#038; Rauscher hochgebleicht 5 kg 38 x 58 cm"},"content":{"rendered":"<p>Verbandzellstoff Lohmann &#038; Rauscher hochgebleicht ist f\u00fcr viele medizinische Zwecke und in der h\u00e4uslichen Krankenpflege oder Kosmetik verwendbar. Erh\u00e4ltlich in den Varianten 38x58cm und 20x20cm.<\/p>\n","protected":false},"excerpt":{"rendered":"<p>Verbandzellstoff Lohmann &#038; Rauscher hochgebleicht ist f\u00fcr viele medizinische Zwecke und in der h\u00e4uslichen Krankenpflege oder Kosmetik verwendbar. Erh\u00e4ltlich in den Varianten 38x58cm und 20x20cm.<\/p>\n","protected":false},"featured_media":0,"template":"","meta":{"_acf_changed":false},"product_brand":[],"product_cat":[799],"product_tag":[],"class_list":{"0":"post-44108","1":"product","2":"type-product","3":"status-publish","5":"product_cat-v","6":"pa_packungsgroesse-5kg","8":"first","9":"instock","10":"shipping-taxable","11":"purchasable","12":"product-type-simple"},"acf":[],"_links":{"self":[{"href":"https:\/\/www.ernstbrunn-apotheke.at\/katalog\/wp-json\/wp\/v2\/product\/44108","targetHints":{"allow":["GET"]}}],"collection":[{"href":"https:\/\/www.ernstbrunn-apotheke.at\/katalog\/wp-json\/wp\/v2\/product"}],"about":[{"href":"https:\/\/www.ernstbrunn-apotheke.at\/katalog\/wp-json\/wp\/v2\/types\/product"}],"wp:attachment":[{"href":"https:\/\/www.ernstbrunn-apotheke.at\/katalog\/wp-json\/wp\/v2\/media?parent=44108"}],"wp:term":[{"taxonomy":"product_brand","embeddable":true,"href":"https:\/\/www.ernstbrunn-apotheke.at\/katalog\/wp-json\/wp\/v2\/product_brand?post=44108"},{"taxonomy":"product_cat","embeddable":true,"href":"https:\/\/www.ernstbrunn-apotheke.at\/katalog\/wp-json\/wp\/v2\/product_cat?post=44108"},{"taxonomy":"product_tag","embeddable":true,"href":"https:\/\/www.ernstbrunn-apotheke.at\/katalog\/wp-json\/wp\/v2\/product_tag?post=44108"}],"curies":[{"name":"wp","href":"https:\/\/api.w.org\/{rel}","templated":true}]}}