{"id":44098,"date":"2025-11-10T16:24:09","date_gmt":"2025-11-10T15:24:09","guid":{"rendered":"https:\/\/www.ernstbrunn-apotheke.at\/katalog\/produkt\/prontosan-wundreiniger-x-250-g\/"},"modified":"2025-12-08T16:17:55","modified_gmt":"2025-12-08T15:17:55","slug":"prontosan-wundreiniger-x-250-g","status":"publish","type":"product","link":"https:\/\/www.ernstbrunn-apotheke.at\/katalog\/produkt\/prontosan-wundreiniger-x-250-g\/","title":{"rendered":"Prontosan Wundreiniger X 250 g"},"content":{"rendered":"<p>Prontosan Wundreiniger X ist ein Hydrogel f\u00fcr die Reinigung, Befeuchtung und Dekontamination von akuten, chronischen und infizierten Hautwunden und Verbrennungen. Das Mittel \u00fcberzeugt durch eine festere Konsistenz und ist somit f\u00fcr die Applikation auf fl\u00e4chigen Wunden geeignet.<\/p>\n","protected":false},"excerpt":{"rendered":"<p>Prontosan Wundreiniger X ist ein Hydrogel f\u00fcr die Reinigung, Befeuchtung und Dekontamination von akuten, chronischen und infizierten Hautwunden und Verbrennungen. Das Mittel \u00fcberzeugt durch eine festere Konsistenz und ist somit f\u00fcr die Applikation auf fl\u00e4chigen Wunden geeignet.<\/p>\n","protected":false},"featured_media":44100,"template":"","meta":{"_acf_changed":false},"product_brand":[],"product_cat":[793],"product_tag":[],"class_list":{"0":"post-44098","1":"product","2":"type-product","3":"status-publish","4":"has-post-thumbnail","6":"product_cat-p","7":"pa_packungsgroesse-250g","9":"first","10":"instock","11":"shipping-taxable","12":"purchasable","13":"product-type-simple"},"acf":[],"_links":{"self":[{"href":"https:\/\/www.ernstbrunn-apotheke.at\/katalog\/wp-json\/wp\/v2\/product\/44098","targetHints":{"allow":["GET"]}}],"collection":[{"href":"https:\/\/www.ernstbrunn-apotheke.at\/katalog\/wp-json\/wp\/v2\/product"}],"about":[{"href":"https:\/\/www.ernstbrunn-apotheke.at\/katalog\/wp-json\/wp\/v2\/types\/product"}],"wp:featuredmedia":[{"embeddable":true,"href":"https:\/\/www.ernstbrunn-apotheke.at\/katalog\/wp-json\/wp\/v2\/media\/44100"}],"wp:attachment":[{"href":"https:\/\/www.ernstbrunn-apotheke.at\/katalog\/wp-json\/wp\/v2\/media?parent=44098"}],"wp:term":[{"taxonomy":"product_brand","embeddable":true,"href":"https:\/\/www.ernstbrunn-apotheke.at\/katalog\/wp-json\/wp\/v2\/product_brand?post=44098"},{"taxonomy":"product_cat","embeddable":true,"href":"https:\/\/www.ernstbrunn-apotheke.at\/katalog\/wp-json\/wp\/v2\/product_cat?post=44098"},{"taxonomy":"product_tag","embeddable":true,"href":"https:\/\/www.ernstbrunn-apotheke.at\/katalog\/wp-json\/wp\/v2\/product_tag?post=44098"}],"curies":[{"name":"wp","href":"https:\/\/api.w.org\/{rel}","templated":true}]}}