{"id":43830,"date":"2025-11-10T16:19:07","date_gmt":"2025-11-10T15:19:07","guid":{"rendered":"https:\/\/www.ernstbrunn-apotheke.at\/katalog\/produkt\/hartmann-zetuvit-saugkompresse-steril-15-stk-20-x-20-cm\/"},"modified":"2025-12-08T16:16:46","modified_gmt":"2025-12-08T15:16:46","slug":"hartmann-zetuvit-saugkompresse-steril-15-stk-20-x-20-cm","status":"publish","type":"product","link":"https:\/\/www.ernstbrunn-apotheke.at\/katalog\/produkt\/hartmann-zetuvit-saugkompresse-steril-15-stk-20-x-20-cm\/","title":{"rendered":"Hartmann Zetuvit Saugkompresse Steril 15 Stk. 20 x 20 cm"},"content":{"rendered":"<p>Hartmann Zetuvit Saugkompresse Steril ist hochsaugf\u00e4hig mit einer seidenweichen Vliesumh\u00fcllung. Zetuvit wurde speziell f\u00fcr die Versorgung stark sezernierender Wunden entwickelt. Sie besteht aus vier verschiedenen Materialschichten, die sich optimal erg\u00e4nzen und der Saugkompresse ihre \u00fcberzeugenden Eigenschaften verleihen. F\u00fcr die \u00e4u\u00dfere Umh\u00fcllung findet ein besonders effektives Zweischicht-Vlies Verwendung: Die wundnahe Schicht aus hydrophoben Polyamid-Fasern nimmt selbst keine Fl\u00fcssigkeit auf und beugt dadurch der Verklebung mit der Wunde vor. Die Vliesinnenseite aus hydrophilen Zellwollfasern verf\u00fcgt dagegen \u00fcber eine hohe Kapillarwirkung, durch die Sekrete rasch in den Saugk\u00f6rper weitergeleitet werden. Erh\u00e4ltlich in mehreren verschiedenen Gr\u00f6\u00dfen.<\/p>\n","protected":false},"excerpt":{"rendered":"<p>Hartmann Zetuvit Saugkompresse Steril ist hochsaugf\u00e4hig mit einer seidenweichen Vliesumh\u00fcllung. Zetuvit wurde speziell f\u00fcr die Versorgung stark sezernierender Wunden entwickelt. Sie besteht aus vier verschiedenen Materialschichten, die sich optimal erg\u00e4nzen und der Saugkompresse ihre \u00fcberzeugenden Eigenschaften verleihen. F\u00fcr die \u00e4u\u00dfere Umh\u00fcllung findet ein besonders effektives Zweischicht-Vlies Verwendung: Die wundnahe Schicht aus hydrophoben Polyamid-Fasern nimmt selbst [&hellip;]<\/p>\n","protected":false},"featured_media":43832,"template":"","meta":{"_acf_changed":false},"product_brand":[],"product_cat":[805],"product_tag":[],"class_list":{"0":"post-43830","1":"product","2":"type-product","3":"status-publish","4":"has-post-thumbnail","6":"product_cat-h","7":"pa_packungsgroesse-15-stueck","9":"first","10":"instock","11":"shipping-taxable","12":"purchasable","13":"product-type-simple"},"acf":[],"_links":{"self":[{"href":"https:\/\/www.ernstbrunn-apotheke.at\/katalog\/wp-json\/wp\/v2\/product\/43830","targetHints":{"allow":["GET"]}}],"collection":[{"href":"https:\/\/www.ernstbrunn-apotheke.at\/katalog\/wp-json\/wp\/v2\/product"}],"about":[{"href":"https:\/\/www.ernstbrunn-apotheke.at\/katalog\/wp-json\/wp\/v2\/types\/product"}],"wp:featuredmedia":[{"embeddable":true,"href":"https:\/\/www.ernstbrunn-apotheke.at\/katalog\/wp-json\/wp\/v2\/media\/43832"}],"wp:attachment":[{"href":"https:\/\/www.ernstbrunn-apotheke.at\/katalog\/wp-json\/wp\/v2\/media?parent=43830"}],"wp:term":[{"taxonomy":"product_brand","embeddable":true,"href":"https:\/\/www.ernstbrunn-apotheke.at\/katalog\/wp-json\/wp\/v2\/product_brand?post=43830"},{"taxonomy":"product_cat","embeddable":true,"href":"https:\/\/www.ernstbrunn-apotheke.at\/katalog\/wp-json\/wp\/v2\/product_cat?post=43830"},{"taxonomy":"product_tag","embeddable":true,"href":"https:\/\/www.ernstbrunn-apotheke.at\/katalog\/wp-json\/wp\/v2\/product_tag?post=43830"}],"curies":[{"name":"wp","href":"https:\/\/api.w.org\/{rel}","templated":true}]}}