{"id":43807,"date":"2025-11-10T16:18:24","date_gmt":"2025-11-10T15:18:24","guid":{"rendered":"https:\/\/www.ernstbrunn-apotheke.at\/katalog\/produkt\/cutimed-sorbion-sachet-s-wundauflage-50-stk-10-x-10-cm\/"},"modified":"2025-12-08T16:16:42","modified_gmt":"2025-12-08T15:16:42","slug":"cutimed-sorbion-sachet-s-wundauflage-50-stk-10-x-10-cm","status":"publish","type":"product","link":"https:\/\/www.ernstbrunn-apotheke.at\/katalog\/produkt\/cutimed-sorbion-sachet-s-wundauflage-50-stk-10-x-10-cm\/","title":{"rendered":"Cutimed Sorbion Sachet S Wundauflage 50 Stk. 10 x 10 cm"},"content":{"rendered":"<p>Cutimed Sorbion Sachet S Wundauflage 50 Stk. 10 x 10 cm ist ein superabsorbierender Prim\u00e4rverband f\u00fcr chronische Wunden. Cutimed\u00ae Sorbion\u00ae Sachet S nimmt sch\u00e4dliche Fl\u00fcssigkeit auf und schlie\u00dft diese im Inneren des Produktes ein und erm\u00f6glicht einen besonders effektiven Schutz des Wundrandes ebenso wie des Wundgrundes<\/p>\n","protected":false},"excerpt":{"rendered":"<p>Cutimed Sorbion Sachet S Wundauflage 50 Stk. 10 x 10 cm ist ein superabsorbierender Prim\u00e4rverband f\u00fcr chronische Wunden. Cutimed\u00ae Sorbion\u00ae Sachet S nimmt sch\u00e4dliche Fl\u00fcssigkeit auf und schlie\u00dft diese im Inneren des Produktes ein und erm\u00f6glicht einen besonders effektiven Schutz des Wundrandes ebenso wie des Wundgrundes<\/p>\n","protected":false},"featured_media":43809,"template":"","meta":{"_acf_changed":false},"product_brand":[],"product_cat":[812],"product_tag":[],"class_list":{"0":"post-43807","1":"product","2":"type-product","3":"status-publish","4":"has-post-thumbnail","6":"product_cat-c","7":"pa_packungsgroesse-50-stueck","9":"first","10":"instock","11":"shipping-taxable","12":"purchasable","13":"product-type-simple"},"acf":[],"_links":{"self":[{"href":"https:\/\/www.ernstbrunn-apotheke.at\/katalog\/wp-json\/wp\/v2\/product\/43807","targetHints":{"allow":["GET"]}}],"collection":[{"href":"https:\/\/www.ernstbrunn-apotheke.at\/katalog\/wp-json\/wp\/v2\/product"}],"about":[{"href":"https:\/\/www.ernstbrunn-apotheke.at\/katalog\/wp-json\/wp\/v2\/types\/product"}],"wp:featuredmedia":[{"embeddable":true,"href":"https:\/\/www.ernstbrunn-apotheke.at\/katalog\/wp-json\/wp\/v2\/media\/43809"}],"wp:attachment":[{"href":"https:\/\/www.ernstbrunn-apotheke.at\/katalog\/wp-json\/wp\/v2\/media?parent=43807"}],"wp:term":[{"taxonomy":"product_brand","embeddable":true,"href":"https:\/\/www.ernstbrunn-apotheke.at\/katalog\/wp-json\/wp\/v2\/product_brand?post=43807"},{"taxonomy":"product_cat","embeddable":true,"href":"https:\/\/www.ernstbrunn-apotheke.at\/katalog\/wp-json\/wp\/v2\/product_cat?post=43807"},{"taxonomy":"product_tag","embeddable":true,"href":"https:\/\/www.ernstbrunn-apotheke.at\/katalog\/wp-json\/wp\/v2\/product_tag?post=43807"}],"curies":[{"name":"wp","href":"https:\/\/api.w.org\/{rel}","templated":true}]}}