{"id":43713,"date":"2025-11-10T16:16:43","date_gmt":"2025-11-10T15:16:43","guid":{"rendered":"https:\/\/www.ernstbrunn-apotheke.at\/katalog\/produkt\/leukomed-t-plus-10-x-25-cm-5-stk\/"},"modified":"2025-12-08T16:16:10","modified_gmt":"2025-12-08T15:16:10","slug":"leukomed-t-plus-10-x-25-cm-5-stk","status":"publish","type":"product","link":"https:\/\/www.ernstbrunn-apotheke.at\/katalog\/produkt\/leukomed-t-plus-10-x-25-cm-5-stk\/","title":{"rendered":"Leukomed T Plus 10 x 25 cm 5 Stk."},"content":{"rendered":"<p>Leukomed T Plus bietet nicht nur dem Anwender eine Vielzahl an M\u00f6glichkeiten, auch der Patient profitiert von den wasser- und keimdichten Eigenschaften des sterilen Wundverbandes. Der partielle Klebeauftrag erh\u00e4lt die Atmungsaktivit\u00e4t der Folie und reduziert das Risiko von Mazerationen. Durch die hohe Wasserdampfdurchl\u00e4ssigkeit werden Feuchtigkeitsansammlungen verhindert und eine sichere Anwendung gew\u00e4hrleistet.<\/p>\n","protected":false},"excerpt":{"rendered":"<p>Leukomed T Plus bietet nicht nur dem Anwender eine Vielzahl an M\u00f6glichkeiten, auch der Patient profitiert von den wasser- und keimdichten Eigenschaften des sterilen Wundverbandes. Der partielle Klebeauftrag erh\u00e4lt die Atmungsaktivit\u00e4t der Folie und reduziert das Risiko von Mazerationen. Durch die hohe Wasserdampfdurchl\u00e4ssigkeit werden Feuchtigkeitsansammlungen verhindert und eine sichere Anwendung gew\u00e4hrleistet.<\/p>\n","protected":false},"featured_media":43715,"template":"","meta":{"_acf_changed":false},"product_brand":[],"product_cat":[795],"product_tag":[],"class_list":{"0":"post-43713","1":"product","2":"type-product","3":"status-publish","4":"has-post-thumbnail","6":"product_cat-l","7":"pa_packungsgroesse-5-stueck","9":"first","10":"instock","11":"shipping-taxable","12":"purchasable","13":"product-type-simple"},"acf":[],"_links":{"self":[{"href":"https:\/\/www.ernstbrunn-apotheke.at\/katalog\/wp-json\/wp\/v2\/product\/43713","targetHints":{"allow":["GET"]}}],"collection":[{"href":"https:\/\/www.ernstbrunn-apotheke.at\/katalog\/wp-json\/wp\/v2\/product"}],"about":[{"href":"https:\/\/www.ernstbrunn-apotheke.at\/katalog\/wp-json\/wp\/v2\/types\/product"}],"wp:featuredmedia":[{"embeddable":true,"href":"https:\/\/www.ernstbrunn-apotheke.at\/katalog\/wp-json\/wp\/v2\/media\/43715"}],"wp:attachment":[{"href":"https:\/\/www.ernstbrunn-apotheke.at\/katalog\/wp-json\/wp\/v2\/media?parent=43713"}],"wp:term":[{"taxonomy":"product_brand","embeddable":true,"href":"https:\/\/www.ernstbrunn-apotheke.at\/katalog\/wp-json\/wp\/v2\/product_brand?post=43713"},{"taxonomy":"product_cat","embeddable":true,"href":"https:\/\/www.ernstbrunn-apotheke.at\/katalog\/wp-json\/wp\/v2\/product_cat?post=43713"},{"taxonomy":"product_tag","embeddable":true,"href":"https:\/\/www.ernstbrunn-apotheke.at\/katalog\/wp-json\/wp\/v2\/product_tag?post=43713"}],"curies":[{"name":"wp","href":"https:\/\/api.w.org\/{rel}","templated":true}]}}