{"id":43641,"date":"2025-11-10T16:15:06","date_gmt":"2025-11-10T15:15:06","guid":{"rendered":"https:\/\/www.ernstbrunn-apotheke.at\/katalog\/produkt\/peha-schlitzkompresse-50-stk-75-x-75-cm\/"},"modified":"2025-12-08T16:15:51","modified_gmt":"2025-12-08T15:15:51","slug":"peha-schlitzkompresse-50-stk-75-x-75-cm","status":"publish","type":"product","link":"https:\/\/www.ernstbrunn-apotheke.at\/katalog\/produkt\/peha-schlitzkompresse-50-stk-75-x-75-cm\/","title":{"rendered":"Peha Schlitzkompresse 50 Stk. 7,5 x 7,5 cm"},"content":{"rendered":"<p>Peha Schlitzkompresse aus Verbandmull, EN 14079, steril, 17f\u00e4dig, 12fach, mit Y-Schnitt  gute Saugf\u00e4higkeit, luftdurchl\u00e4ssig, weich und geschmeidig.<\/p>\n","protected":false},"excerpt":{"rendered":"<p>Peha Schlitzkompresse aus Verbandmull, EN 14079, steril, 17f\u00e4dig, 12fach, mit Y-Schnitt gute Saugf\u00e4higkeit, luftdurchl\u00e4ssig, weich und geschmeidig.<\/p>\n","protected":false},"featured_media":43643,"template":"","meta":{"_acf_changed":false},"product_brand":[949],"product_cat":[793],"product_tag":[],"class_list":{"0":"post-43641","1":"product","2":"type-product","3":"status-publish","4":"has-post-thumbnail","6":"product_brand-peha","7":"product_cat-p","8":"pa_packungsgroesse-100-stueck","10":"first","11":"instock","12":"shipping-taxable","13":"purchasable","14":"product-type-simple"},"acf":[],"_links":{"self":[{"href":"https:\/\/www.ernstbrunn-apotheke.at\/katalog\/wp-json\/wp\/v2\/product\/43641","targetHints":{"allow":["GET"]}}],"collection":[{"href":"https:\/\/www.ernstbrunn-apotheke.at\/katalog\/wp-json\/wp\/v2\/product"}],"about":[{"href":"https:\/\/www.ernstbrunn-apotheke.at\/katalog\/wp-json\/wp\/v2\/types\/product"}],"wp:featuredmedia":[{"embeddable":true,"href":"https:\/\/www.ernstbrunn-apotheke.at\/katalog\/wp-json\/wp\/v2\/media\/43643"}],"wp:attachment":[{"href":"https:\/\/www.ernstbrunn-apotheke.at\/katalog\/wp-json\/wp\/v2\/media?parent=43641"}],"wp:term":[{"taxonomy":"product_brand","embeddable":true,"href":"https:\/\/www.ernstbrunn-apotheke.at\/katalog\/wp-json\/wp\/v2\/product_brand?post=43641"},{"taxonomy":"product_cat","embeddable":true,"href":"https:\/\/www.ernstbrunn-apotheke.at\/katalog\/wp-json\/wp\/v2\/product_cat?post=43641"},{"taxonomy":"product_tag","embeddable":true,"href":"https:\/\/www.ernstbrunn-apotheke.at\/katalog\/wp-json\/wp\/v2\/product_tag?post=43641"}],"curies":[{"name":"wp","href":"https:\/\/api.w.org\/{rel}","templated":true}]}}