{"id":43627,"date":"2025-11-10T16:15:06","date_gmt":"2025-11-10T15:15:06","guid":{"rendered":"https:\/\/www.ernstbrunn-apotheke.at\/katalog\/produkt\/nexcare-pflege-active-360-maxi-5-stk\/"},"modified":"2025-12-08T16:15:49","modified_gmt":"2025-12-08T15:15:49","slug":"nexcare-pflege-active-360-maxi-5-stk","status":"publish","type":"product","link":"https:\/\/www.ernstbrunn-apotheke.at\/katalog\/produkt\/nexcare-pflege-active-360-maxi-5-stk\/","title":{"rendered":"Nexcare Pflege Active 360 Maxi 5 Stk."},"content":{"rendered":"<p>Nexcare Pflaster Active 360 bietet Schutz f\u00fcr Aktive. Durch die einzigartige Form des Pflaster bekommen vor allem aktive Menschen idealen Rundum-Schutz f\u00fcr Wunden. Im Unterschied zu herk\u00f6mmlichen Pflastern klebt dieses Pflaster 360\u00b0 rund um die Wunde und sch\u00fctzt somit hervorragend. Dank seines flexiblen Materials und seiner starken Klebekraft ist das Pflaster sehr beweglich. Es klebt auch auf feuchter, transpirierender Haut.<\/p>\n","protected":false},"excerpt":{"rendered":"<p>Nexcare Pflaster Active 360 bietet Schutz f\u00fcr Aktive. Durch die einzigartige Form des Pflaster bekommen vor allem aktive Menschen idealen Rundum-Schutz f\u00fcr Wunden. Im Unterschied zu herk\u00f6mmlichen Pflastern klebt dieses Pflaster 360\u00b0 rund um die Wunde und sch\u00fctzt somit hervorragend. Dank seines flexiblen Materials und seiner starken Klebekraft ist das Pflaster sehr beweglich. Es klebt [&hellip;]<\/p>\n","protected":false},"featured_media":43629,"template":"","meta":{"_acf_changed":false},"product_brand":[654],"product_cat":[797],"product_tag":[],"class_list":{"0":"post-43627","1":"product","2":"type-product","3":"status-publish","4":"has-post-thumbnail","6":"product_brand-nexcare-3m","7":"product_cat-n","8":"pa_packungsgroesse-5-stueck","10":"first","11":"instock","12":"shipping-taxable","13":"purchasable","14":"product-type-simple"},"acf":[],"_links":{"self":[{"href":"https:\/\/www.ernstbrunn-apotheke.at\/katalog\/wp-json\/wp\/v2\/product\/43627","targetHints":{"allow":["GET"]}}],"collection":[{"href":"https:\/\/www.ernstbrunn-apotheke.at\/katalog\/wp-json\/wp\/v2\/product"}],"about":[{"href":"https:\/\/www.ernstbrunn-apotheke.at\/katalog\/wp-json\/wp\/v2\/types\/product"}],"wp:featuredmedia":[{"embeddable":true,"href":"https:\/\/www.ernstbrunn-apotheke.at\/katalog\/wp-json\/wp\/v2\/media\/43629"}],"wp:attachment":[{"href":"https:\/\/www.ernstbrunn-apotheke.at\/katalog\/wp-json\/wp\/v2\/media?parent=43627"}],"wp:term":[{"taxonomy":"product_brand","embeddable":true,"href":"https:\/\/www.ernstbrunn-apotheke.at\/katalog\/wp-json\/wp\/v2\/product_brand?post=43627"},{"taxonomy":"product_cat","embeddable":true,"href":"https:\/\/www.ernstbrunn-apotheke.at\/katalog\/wp-json\/wp\/v2\/product_cat?post=43627"},{"taxonomy":"product_tag","embeddable":true,"href":"https:\/\/www.ernstbrunn-apotheke.at\/katalog\/wp-json\/wp\/v2\/product_tag?post=43627"}],"curies":[{"name":"wp","href":"https:\/\/api.w.org\/{rel}","templated":true}]}}