{"id":43327,"date":"2025-11-10T16:08:37","date_gmt":"2025-11-10T15:08:37","guid":{"rendered":"https:\/\/www.ernstbrunn-apotheke.at\/katalog\/produkt\/leukomed-t-72-x-5-cm-5-stk\/"},"modified":"2025-12-08T16:14:25","modified_gmt":"2025-12-08T15:14:25","slug":"leukomed-t-72-x-5-cm-5-stk","status":"publish","type":"product","link":"https:\/\/www.ernstbrunn-apotheke.at\/katalog\/produkt\/leukomed-t-72-x-5-cm-5-stk\/","title":{"rendered":"Leukomed T 7,2 x 5 cm 5 Stk."},"content":{"rendered":"<p>Leukomed T fixiert einerseits Katheter, Kompressen und andere medizinische Hilfsmittel wasser- und keimdicht. Andererseits werden nicht mehr sezernierende Wunden vor Reibung und Scherkr\u00e4ften gesch\u00fctzt.Dieses Produkt ist in den Gr\u00f6\u00dfen 7,2 x 5 cm (5 und 50 St\u00fcck), 8 x 10 cm (5 und 50 St\u00fcck) und 11 x 14 cm (5 St\u00fcck) erh\u00e4ltlich.<\/p>\n","protected":false},"excerpt":{"rendered":"<p>Leukomed T fixiert einerseits Katheter, Kompressen und andere medizinische Hilfsmittel wasser- und keimdicht. Andererseits werden nicht mehr sezernierende Wunden vor Reibung und Scherkr\u00e4ften gesch\u00fctzt.Dieses Produkt ist in den Gr\u00f6\u00dfen 7,2 x 5 cm (5 und 50 St\u00fcck), 8 x 10 cm (5 und 50 St\u00fcck) und 11 x 14 cm (5 St\u00fcck) erh\u00e4ltlich.<\/p>\n","protected":false},"featured_media":43329,"template":"","meta":{"_acf_changed":false},"product_brand":[],"product_cat":[795],"product_tag":[],"class_list":{"0":"post-43327","1":"product","2":"type-product","3":"status-publish","4":"has-post-thumbnail","6":"product_cat-l","7":"pa_packungsgroesse-5-stueck","9":"first","10":"instock","11":"shipping-taxable","12":"purchasable","13":"product-type-simple"},"acf":[],"_links":{"self":[{"href":"https:\/\/www.ernstbrunn-apotheke.at\/katalog\/wp-json\/wp\/v2\/product\/43327","targetHints":{"allow":["GET"]}}],"collection":[{"href":"https:\/\/www.ernstbrunn-apotheke.at\/katalog\/wp-json\/wp\/v2\/product"}],"about":[{"href":"https:\/\/www.ernstbrunn-apotheke.at\/katalog\/wp-json\/wp\/v2\/types\/product"}],"wp:featuredmedia":[{"embeddable":true,"href":"https:\/\/www.ernstbrunn-apotheke.at\/katalog\/wp-json\/wp\/v2\/media\/43329"}],"wp:attachment":[{"href":"https:\/\/www.ernstbrunn-apotheke.at\/katalog\/wp-json\/wp\/v2\/media?parent=43327"}],"wp:term":[{"taxonomy":"product_brand","embeddable":true,"href":"https:\/\/www.ernstbrunn-apotheke.at\/katalog\/wp-json\/wp\/v2\/product_brand?post=43327"},{"taxonomy":"product_cat","embeddable":true,"href":"https:\/\/www.ernstbrunn-apotheke.at\/katalog\/wp-json\/wp\/v2\/product_cat?post=43327"},{"taxonomy":"product_tag","embeddable":true,"href":"https:\/\/www.ernstbrunn-apotheke.at\/katalog\/wp-json\/wp\/v2\/product_tag?post=43327"}],"curies":[{"name":"wp","href":"https:\/\/api.w.org\/{rel}","templated":true}]}}