{"id":43282,"date":"2025-11-10T16:07:58","date_gmt":"2025-11-10T15:07:58","guid":{"rendered":"https:\/\/www.ernstbrunn-apotheke.at\/katalog\/produkt\/benped-3-mittlere-3-kleine-blasenpflaster-6-stk\/"},"modified":"2025-12-08T16:14:04","modified_gmt":"2025-12-08T15:14:04","slug":"benped-3-mittlere-3-kleine-blasenpflaster-6-stk","status":"publish","type":"product","link":"https:\/\/www.ernstbrunn-apotheke.at\/katalog\/produkt\/benped-3-mittlere-3-kleine-blasenpflaster-6-stk\/","title":{"rendered":"Benped 3 Mittlere + 3 Kleine Blasenpflaster 6 Stk."},"content":{"rendered":"<p>Benped 3 Mittlere + 3 Kleine Blasenpflaster f\u00f6rdern eine schnelle Heilung und sind sofort schmerzlindernd. Durch die spezielle Form passen sie sich optimal an. F\u00fcr die Anwendung ist kein langes Erw\u00e4rmen n\u00f6tig, die d\u00fcnnen Kanten gew\u00e4hren einen perfekten Abschluss.<\/p>\n","protected":false},"excerpt":{"rendered":"<p>Benped 3 Mittlere + 3 Kleine Blasenpflaster f\u00f6rdern eine schnelle Heilung und sind sofort schmerzlindernd. Durch die spezielle Form passen sie sich optimal an. F\u00fcr die Anwendung ist kein langes Erw\u00e4rmen n\u00f6tig, die d\u00fcnnen Kanten gew\u00e4hren einen perfekten Abschluss.<\/p>\n","protected":false},"featured_media":43284,"template":"","meta":{"_acf_changed":false},"product_brand":[],"product_cat":[802],"product_tag":[],"class_list":{"0":"post-43282","1":"product","2":"type-product","3":"status-publish","4":"has-post-thumbnail","6":"product_cat-b","7":"pa_packungsgroesse-6-stueck","9":"first","10":"instock","11":"shipping-taxable","12":"purchasable","13":"product-type-simple"},"acf":[],"_links":{"self":[{"href":"https:\/\/www.ernstbrunn-apotheke.at\/katalog\/wp-json\/wp\/v2\/product\/43282","targetHints":{"allow":["GET"]}}],"collection":[{"href":"https:\/\/www.ernstbrunn-apotheke.at\/katalog\/wp-json\/wp\/v2\/product"}],"about":[{"href":"https:\/\/www.ernstbrunn-apotheke.at\/katalog\/wp-json\/wp\/v2\/types\/product"}],"wp:featuredmedia":[{"embeddable":true,"href":"https:\/\/www.ernstbrunn-apotheke.at\/katalog\/wp-json\/wp\/v2\/media\/43284"}],"wp:attachment":[{"href":"https:\/\/www.ernstbrunn-apotheke.at\/katalog\/wp-json\/wp\/v2\/media?parent=43282"}],"wp:term":[{"taxonomy":"product_brand","embeddable":true,"href":"https:\/\/www.ernstbrunn-apotheke.at\/katalog\/wp-json\/wp\/v2\/product_brand?post=43282"},{"taxonomy":"product_cat","embeddable":true,"href":"https:\/\/www.ernstbrunn-apotheke.at\/katalog\/wp-json\/wp\/v2\/product_cat?post=43282"},{"taxonomy":"product_tag","embeddable":true,"href":"https:\/\/www.ernstbrunn-apotheke.at\/katalog\/wp-json\/wp\/v2\/product_tag?post=43282"}],"curies":[{"name":"wp","href":"https:\/\/api.w.org\/{rel}","templated":true}]}}