{"id":43255,"date":"2025-11-10T16:07:22","date_gmt":"2025-11-10T15:07:22","guid":{"rendered":"https:\/\/www.ernstbrunn-apotheke.at\/katalog\/produkt\/leukoplast-strong-19-x-56-mm-10-stk\/"},"modified":"2025-12-08T16:13:57","modified_gmt":"2025-12-08T15:13:57","slug":"leukoplast-strong-19-x-56-mm-10-stk","status":"publish","type":"product","link":"https:\/\/www.ernstbrunn-apotheke.at\/katalog\/produkt\/leukoplast-strong-19-x-56-mm-10-stk\/","title":{"rendered":"Leukoplast Strong  19 x 56 mm 10 Stk."},"content":{"rendered":"<p>Leukoplast Strong ist best\u00e4ndig gegen Schmutz und Wasser und der starke Kleber sorgt daf\u00fcr, dass das Pflaster gut klebt. Sie k\u00f6nnen sich immer auf Leukoplast Strong verlassen. Die perforierte Folie l\u00e4sst die Luft zirkulieren, so dass die Wunde nicht aufweicht. Ein robuster Begleiter f\u00fcr jede Gelegenheit.<\/p>\n","protected":false},"excerpt":{"rendered":"<p>Leukoplast Strong ist best\u00e4ndig gegen Schmutz und Wasser und der starke Kleber sorgt daf\u00fcr, dass das Pflaster gut klebt. Sie k\u00f6nnen sich immer auf Leukoplast Strong verlassen. Die perforierte Folie l\u00e4sst die Luft zirkulieren, so dass die Wunde nicht aufweicht. Ein robuster Begleiter f\u00fcr jede Gelegenheit.<\/p>\n","protected":false},"featured_media":43257,"template":"","meta":{"_acf_changed":false},"product_brand":[980],"product_cat":[795],"product_tag":[],"class_list":{"0":"post-43255","1":"product","2":"type-product","3":"status-publish","4":"has-post-thumbnail","6":"product_brand-leukoplast","7":"product_cat-l","8":"pa_packungsgroesse-10-stueck","10":"first","11":"instock","12":"shipping-taxable","13":"purchasable","14":"product-type-simple"},"acf":[],"_links":{"self":[{"href":"https:\/\/www.ernstbrunn-apotheke.at\/katalog\/wp-json\/wp\/v2\/product\/43255","targetHints":{"allow":["GET"]}}],"collection":[{"href":"https:\/\/www.ernstbrunn-apotheke.at\/katalog\/wp-json\/wp\/v2\/product"}],"about":[{"href":"https:\/\/www.ernstbrunn-apotheke.at\/katalog\/wp-json\/wp\/v2\/types\/product"}],"wp:featuredmedia":[{"embeddable":true,"href":"https:\/\/www.ernstbrunn-apotheke.at\/katalog\/wp-json\/wp\/v2\/media\/43257"}],"wp:attachment":[{"href":"https:\/\/www.ernstbrunn-apotheke.at\/katalog\/wp-json\/wp\/v2\/media?parent=43255"}],"wp:term":[{"taxonomy":"product_brand","embeddable":true,"href":"https:\/\/www.ernstbrunn-apotheke.at\/katalog\/wp-json\/wp\/v2\/product_brand?post=43255"},{"taxonomy":"product_cat","embeddable":true,"href":"https:\/\/www.ernstbrunn-apotheke.at\/katalog\/wp-json\/wp\/v2\/product_cat?post=43255"},{"taxonomy":"product_tag","embeddable":true,"href":"https:\/\/www.ernstbrunn-apotheke.at\/katalog\/wp-json\/wp\/v2\/product_tag?post=43255"}],"curies":[{"name":"wp","href":"https:\/\/api.w.org\/{rel}","templated":true}]}}