{"id":43214,"date":"2025-11-10T16:06:39","date_gmt":"2025-11-10T15:06:39","guid":{"rendered":"https:\/\/www.ernstbrunn-apotheke.at\/katalog\/produkt\/orthopad-augenokklusionspflaster-50-stk-boy-medium\/"},"modified":"2025-12-08T16:13:42","modified_gmt":"2025-12-08T15:13:42","slug":"orthopad-augenokklusionspflaster-50-stk-boy-medium","status":"publish","type":"product","link":"https:\/\/www.ernstbrunn-apotheke.at\/katalog\/produkt\/orthopad-augenokklusionspflaster-50-stk-boy-medium\/","title":{"rendered":"Orthopad Augenokklusionspflaster 50 Stk. Boy Medium"},"content":{"rendered":"<p>Orthopad Augenokklusionspflaster sind speziell f\u00fcr die Okklusionstherapie bei Kindern entwickelt. Sie \u00fcberzeugen nicht nur durch die gro\u00dfe Auswahl an bunten Motiven, sondern auch durch die hervorragenden Klebereigenschaften und die Hautvertr\u00e4glichkeit. Die Augenpflaster passen sich zudem mit ihrer anatomischen Form mit nasalen Schlitzen optimal an die Gesichtsform des Kindes an.<\/p>\n","protected":false},"excerpt":{"rendered":"<p>Orthopad Augenokklusionspflaster sind speziell f\u00fcr die Okklusionstherapie bei Kindern entwickelt. Sie \u00fcberzeugen nicht nur durch die gro\u00dfe Auswahl an bunten Motiven, sondern auch durch die hervorragenden Klebereigenschaften und die Hautvertr\u00e4glichkeit. Die Augenpflaster passen sich zudem mit ihrer anatomischen Form mit nasalen Schlitzen optimal an die Gesichtsform des Kindes an.<\/p>\n","protected":false},"featured_media":0,"template":"","meta":{"_acf_changed":false},"product_brand":[],"product_cat":[819],"product_tag":[],"class_list":{"0":"post-43214","1":"product","2":"type-product","3":"status-publish","5":"product_cat-o","6":"pa_packungsgroesse-50-stueck","8":"first","9":"instock","10":"shipping-taxable","11":"purchasable","12":"product-type-simple"},"acf":[],"_links":{"self":[{"href":"https:\/\/www.ernstbrunn-apotheke.at\/katalog\/wp-json\/wp\/v2\/product\/43214","targetHints":{"allow":["GET"]}}],"collection":[{"href":"https:\/\/www.ernstbrunn-apotheke.at\/katalog\/wp-json\/wp\/v2\/product"}],"about":[{"href":"https:\/\/www.ernstbrunn-apotheke.at\/katalog\/wp-json\/wp\/v2\/types\/product"}],"wp:attachment":[{"href":"https:\/\/www.ernstbrunn-apotheke.at\/katalog\/wp-json\/wp\/v2\/media?parent=43214"}],"wp:term":[{"taxonomy":"product_brand","embeddable":true,"href":"https:\/\/www.ernstbrunn-apotheke.at\/katalog\/wp-json\/wp\/v2\/product_brand?post=43214"},{"taxonomy":"product_cat","embeddable":true,"href":"https:\/\/www.ernstbrunn-apotheke.at\/katalog\/wp-json\/wp\/v2\/product_cat?post=43214"},{"taxonomy":"product_tag","embeddable":true,"href":"https:\/\/www.ernstbrunn-apotheke.at\/katalog\/wp-json\/wp\/v2\/product_tag?post=43214"}],"curies":[{"name":"wp","href":"https:\/\/api.w.org\/{rel}","templated":true}]}}