{"id":43164,"date":"2025-11-10T16:05:25","date_gmt":"2025-11-10T15:05:25","guid":{"rendered":"https:\/\/www.ernstbrunn-apotheke.at\/katalog\/produkt\/leukoplast-barrier-strip-22-x-72-mm-10-stk\/"},"modified":"2025-12-08T16:13:19","modified_gmt":"2025-12-08T15:13:19","slug":"leukoplast-barrier-strip-22-x-72-mm-10-stk","status":"publish","type":"product","link":"https:\/\/www.ernstbrunn-apotheke.at\/katalog\/produkt\/leukoplast-barrier-strip-22-x-72-mm-10-stk\/","title":{"rendered":"Leukoplast Barrier Strip 22 x 72 mm  10 Stk."},"content":{"rendered":"<p>Leukoplast Barrier Strip enth\u00e4lt ein einzigartiges Substrat, das Bakterien fernh\u00e4lt und dar\u00fcber hinaus hautfreundlich und atmungsaktiv ist.<\/p>\n","protected":false},"excerpt":{"rendered":"<p>Leukoplast Barrier Strip enth\u00e4lt ein einzigartiges Substrat, das Bakterien fernh\u00e4lt und dar\u00fcber hinaus hautfreundlich und atmungsaktiv ist.<\/p>\n","protected":false},"featured_media":43166,"template":"","meta":{"_acf_changed":false},"product_brand":[980],"product_cat":[795],"product_tag":[],"class_list":{"0":"post-43164","1":"product","2":"type-product","3":"status-publish","4":"has-post-thumbnail","6":"product_brand-leukoplast","7":"product_cat-l","8":"pa_packungsgroesse-10-stueck","10":"first","11":"instock","12":"shipping-taxable","13":"purchasable","14":"product-type-simple"},"acf":[],"_links":{"self":[{"href":"https:\/\/www.ernstbrunn-apotheke.at\/katalog\/wp-json\/wp\/v2\/product\/43164","targetHints":{"allow":["GET"]}}],"collection":[{"href":"https:\/\/www.ernstbrunn-apotheke.at\/katalog\/wp-json\/wp\/v2\/product"}],"about":[{"href":"https:\/\/www.ernstbrunn-apotheke.at\/katalog\/wp-json\/wp\/v2\/types\/product"}],"wp:featuredmedia":[{"embeddable":true,"href":"https:\/\/www.ernstbrunn-apotheke.at\/katalog\/wp-json\/wp\/v2\/media\/43166"}],"wp:attachment":[{"href":"https:\/\/www.ernstbrunn-apotheke.at\/katalog\/wp-json\/wp\/v2\/media?parent=43164"}],"wp:term":[{"taxonomy":"product_brand","embeddable":true,"href":"https:\/\/www.ernstbrunn-apotheke.at\/katalog\/wp-json\/wp\/v2\/product_brand?post=43164"},{"taxonomy":"product_cat","embeddable":true,"href":"https:\/\/www.ernstbrunn-apotheke.at\/katalog\/wp-json\/wp\/v2\/product_cat?post=43164"},{"taxonomy":"product_tag","embeddable":true,"href":"https:\/\/www.ernstbrunn-apotheke.at\/katalog\/wp-json\/wp\/v2\/product_tag?post=43164"}],"curies":[{"name":"wp","href":"https:\/\/api.w.org\/{rel}","templated":true}]}}