{"id":43085,"date":"2025-11-10T16:04:18","date_gmt":"2025-11-10T15:04:18","guid":{"rendered":"https:\/\/www.ernstbrunn-apotheke.at\/katalog\/produkt\/dermaplast-protect-spray-plus-215-ml\/"},"modified":"2025-12-08T16:12:52","modified_gmt":"2025-12-08T15:12:52","slug":"dermaplast-protect-spray-plus-215-ml","status":"publish","type":"product","link":"https:\/\/www.ernstbrunn-apotheke.at\/katalog\/produkt\/dermaplast-protect-spray-plus-215-ml\/","title":{"rendered":"Dermaplast Protect Spray Plus 21,5 ml"},"content":{"rendered":"<p>&#8222;ProdukteigenschaftenTransparenter, atmungsaktiver Film, sch\u00fctzt vor Schmutz, Bakterien und Wasser, erm\u00f6glicht, dass die Haut trotzdem atmen kann, Schutz vor UV A und UV B Strahlung(Faktor 10), alkoholfrei, geruchsarm, brennt nicht auf der Wunde, Spr\u00fchpflaster l\u00f6st sich nach und nach selbstst\u00e4ndig ab, bei Bedarf Wunde nochmals bespr\u00fchen.&#8220;<\/p>\n","protected":false},"excerpt":{"rendered":"<p>&#8222;ProdukteigenschaftenTransparenter, atmungsaktiver Film, sch\u00fctzt vor Schmutz, Bakterien und Wasser, erm\u00f6glicht, dass die Haut trotzdem atmen kann, Schutz vor UV A und UV B Strahlung(Faktor 10), alkoholfrei, geruchsarm, brennt nicht auf der Wunde, Spr\u00fchpflaster l\u00f6st sich nach und nach selbstst\u00e4ndig ab, bei Bedarf Wunde nochmals bespr\u00fchen.&#8220;<\/p>\n","protected":false},"featured_media":43087,"template":"","meta":{"_acf_changed":false},"product_brand":[988],"product_cat":[792],"product_tag":[],"class_list":{"0":"post-43085","1":"product","2":"type-product","3":"status-publish","4":"has-post-thumbnail","6":"product_brand-dermaplast","7":"product_cat-d","8":"pa_packungsgroesse-21ml","10":"first","11":"instock","12":"shipping-taxable","13":"purchasable","14":"product-type-simple"},"acf":[],"_links":{"self":[{"href":"https:\/\/www.ernstbrunn-apotheke.at\/katalog\/wp-json\/wp\/v2\/product\/43085","targetHints":{"allow":["GET"]}}],"collection":[{"href":"https:\/\/www.ernstbrunn-apotheke.at\/katalog\/wp-json\/wp\/v2\/product"}],"about":[{"href":"https:\/\/www.ernstbrunn-apotheke.at\/katalog\/wp-json\/wp\/v2\/types\/product"}],"wp:featuredmedia":[{"embeddable":true,"href":"https:\/\/www.ernstbrunn-apotheke.at\/katalog\/wp-json\/wp\/v2\/media\/43087"}],"wp:attachment":[{"href":"https:\/\/www.ernstbrunn-apotheke.at\/katalog\/wp-json\/wp\/v2\/media?parent=43085"}],"wp:term":[{"taxonomy":"product_brand","embeddable":true,"href":"https:\/\/www.ernstbrunn-apotheke.at\/katalog\/wp-json\/wp\/v2\/product_brand?post=43085"},{"taxonomy":"product_cat","embeddable":true,"href":"https:\/\/www.ernstbrunn-apotheke.at\/katalog\/wp-json\/wp\/v2\/product_cat?post=43085"},{"taxonomy":"product_tag","embeddable":true,"href":"https:\/\/www.ernstbrunn-apotheke.at\/katalog\/wp-json\/wp\/v2\/product_tag?post=43085"}],"curies":[{"name":"wp","href":"https:\/\/api.w.org\/{rel}","templated":true}]}}