{"id":42921,"date":"2025-11-10T16:00:46","date_gmt":"2025-11-10T15:00:46","guid":{"rendered":"https:\/\/www.ernstbrunn-apotheke.at\/katalog\/produkt\/lohmann-rauscher-tg-fix-netzverband-groesse-d-fuer-grossen-kopf-4-m\/"},"modified":"2025-12-08T16:11:54","modified_gmt":"2025-12-08T15:11:54","slug":"lohmann-rauscher-tg-fix-netzverband-groesse-d-fuer-grossen-kopf-4-m","status":"publish","type":"product","link":"https:\/\/www.ernstbrunn-apotheke.at\/katalog\/produkt\/lohmann-rauscher-tg-fix-netzverband-groesse-d-fuer-grossen-kopf-4-m\/","title":{"rendered":"Lohmann &#038; Rauscher Tg-Fix Netzverband Gr\u00f6\u00dfe D F\u00fcr Gro\u00dfen Kopf 4 m"},"content":{"rendered":"<p>Lohmann &#038; Rauscher geh\u00f6rt mit seinen erstklassigen Produkten und Systemen zu den erfolgreichsten Anbietern am Markt. Vom einfachen Verbandstoff bis zu modernen Therapie- und Pflegesystemen reicht das Angebot, abgerundet durch wirtschaftliche Systeml\u00f6sungen, die flexibel auf die t\u00e4glichen Anforderungen abgestimmt werden k\u00f6nnen. L&#038;R arbeitet auf Grundlage eines international anerkannten und zertifizierten Qualit\u00e4tsmanagementsystems. Hierbei werden f\u00fcr die Herstellung und den Vertrieb von Medizinprodukten international geltenden spezifischen Normen und Gesetze beachtet. Nur die Produkte, die den internationalen Anforderungen entsprechen werden entsprechend gekennzeichnet (z. B. CE-Kennzeichen) und f\u00fcr die Vermarktung freigegeben<\/p>\n","protected":false},"excerpt":{"rendered":"<p>Lohmann &#038; Rauscher geh\u00f6rt mit seinen erstklassigen Produkten und Systemen zu den erfolgreichsten Anbietern am Markt. Vom einfachen Verbandstoff bis zu modernen Therapie- und Pflegesystemen reicht das Angebot, abgerundet durch wirtschaftliche Systeml\u00f6sungen, die flexibel auf die t\u00e4glichen Anforderungen abgestimmt werden k\u00f6nnen. L&#038;R arbeitet auf Grundlage eines international anerkannten und zertifizierten Qualit\u00e4tsmanagementsystems. Hierbei werden f\u00fcr die [&hellip;]<\/p>\n","protected":false},"featured_media":42923,"template":"","meta":{"_acf_changed":false},"product_brand":[],"product_cat":[795],"product_tag":[],"class_list":{"0":"post-42921","1":"product","2":"type-product","3":"status-publish","4":"has-post-thumbnail","6":"product_cat-l","7":"pa_packungsgroesse-985","9":"first","10":"instock","11":"shipping-taxable","12":"purchasable","13":"product-type-simple"},"acf":[],"_links":{"self":[{"href":"https:\/\/www.ernstbrunn-apotheke.at\/katalog\/wp-json\/wp\/v2\/product\/42921","targetHints":{"allow":["GET"]}}],"collection":[{"href":"https:\/\/www.ernstbrunn-apotheke.at\/katalog\/wp-json\/wp\/v2\/product"}],"about":[{"href":"https:\/\/www.ernstbrunn-apotheke.at\/katalog\/wp-json\/wp\/v2\/types\/product"}],"wp:featuredmedia":[{"embeddable":true,"href":"https:\/\/www.ernstbrunn-apotheke.at\/katalog\/wp-json\/wp\/v2\/media\/42923"}],"wp:attachment":[{"href":"https:\/\/www.ernstbrunn-apotheke.at\/katalog\/wp-json\/wp\/v2\/media?parent=42921"}],"wp:term":[{"taxonomy":"product_brand","embeddable":true,"href":"https:\/\/www.ernstbrunn-apotheke.at\/katalog\/wp-json\/wp\/v2\/product_brand?post=42921"},{"taxonomy":"product_cat","embeddable":true,"href":"https:\/\/www.ernstbrunn-apotheke.at\/katalog\/wp-json\/wp\/v2\/product_cat?post=42921"},{"taxonomy":"product_tag","embeddable":true,"href":"https:\/\/www.ernstbrunn-apotheke.at\/katalog\/wp-json\/wp\/v2\/product_tag?post=42921"}],"curies":[{"name":"wp","href":"https:\/\/api.w.org\/{rel}","templated":true}]}}