{"id":42553,"date":"2025-11-10T15:53:39","date_gmt":"2025-11-10T14:53:39","guid":{"rendered":"https:\/\/www.ernstbrunn-apotheke.at\/katalog\/produkt\/dermaplast-elastic-strip-2-gr-20-stk\/"},"modified":"2025-12-08T16:10:09","modified_gmt":"2025-12-08T15:10:09","slug":"dermaplast-elastic-strip-2-gr-20-stk","status":"publish","type":"product","link":"https:\/\/www.ernstbrunn-apotheke.at\/katalog\/produkt\/dermaplast-elastic-strip-2-gr-20-stk\/","title":{"rendered":"Dermaplast Elastic Strip 2 gr 20 Stk."},"content":{"rendered":"<p>&#8222;Produkteigenschaften:Flexibel, aus querelastischem Textilgewebe, wasserabweisend impr\u00e4gniert, anschmiegsam, luftdurchl\u00e4ssig, hautfreundlich durch hypoallergenen Kleber.In verschiedenen (Spezial) Formen erh\u00e4ltlich.&#8220;<\/p>\n","protected":false},"excerpt":{"rendered":"<p>&#8222;Produkteigenschaften:Flexibel, aus querelastischem Textilgewebe, wasserabweisend impr\u00e4gniert, anschmiegsam, luftdurchl\u00e4ssig, hautfreundlich durch hypoallergenen Kleber.In verschiedenen (Spezial) Formen erh\u00e4ltlich.&#8220;<\/p>\n","protected":false},"featured_media":42555,"template":"","meta":{"_acf_changed":false},"product_brand":[],"product_cat":[792],"product_tag":[],"class_list":{"0":"post-42553","1":"product","2":"type-product","3":"status-publish","4":"has-post-thumbnail","6":"product_cat-d","7":"pa_packungsgroesse-20-stueck","9":"first","10":"instock","11":"shipping-taxable","12":"purchasable","13":"product-type-simple"},"acf":[],"_links":{"self":[{"href":"https:\/\/www.ernstbrunn-apotheke.at\/katalog\/wp-json\/wp\/v2\/product\/42553","targetHints":{"allow":["GET"]}}],"collection":[{"href":"https:\/\/www.ernstbrunn-apotheke.at\/katalog\/wp-json\/wp\/v2\/product"}],"about":[{"href":"https:\/\/www.ernstbrunn-apotheke.at\/katalog\/wp-json\/wp\/v2\/types\/product"}],"wp:featuredmedia":[{"embeddable":true,"href":"https:\/\/www.ernstbrunn-apotheke.at\/katalog\/wp-json\/wp\/v2\/media\/42555"}],"wp:attachment":[{"href":"https:\/\/www.ernstbrunn-apotheke.at\/katalog\/wp-json\/wp\/v2\/media?parent=42553"}],"wp:term":[{"taxonomy":"product_brand","embeddable":true,"href":"https:\/\/www.ernstbrunn-apotheke.at\/katalog\/wp-json\/wp\/v2\/product_brand?post=42553"},{"taxonomy":"product_cat","embeddable":true,"href":"https:\/\/www.ernstbrunn-apotheke.at\/katalog\/wp-json\/wp\/v2\/product_cat?post=42553"},{"taxonomy":"product_tag","embeddable":true,"href":"https:\/\/www.ernstbrunn-apotheke.at\/katalog\/wp-json\/wp\/v2\/product_tag?post=42553"}],"curies":[{"name":"wp","href":"https:\/\/api.w.org\/{rel}","templated":true}]}}