{"id":42489,"date":"2025-11-10T15:52:01","date_gmt":"2025-11-10T14:52:01","guid":{"rendered":"https:\/\/www.ernstbrunn-apotheke.at\/katalog\/produkt\/lavasorb-wund-spuelloesung-250-ml\/"},"modified":"2025-12-08T16:09:50","modified_gmt":"2025-12-08T15:09:50","slug":"lavasorb-wund-spuelloesung-250-ml","status":"publish","type":"product","link":"https:\/\/www.ernstbrunn-apotheke.at\/katalog\/produkt\/lavasorb-wund-spuelloesung-250-ml\/","title":{"rendered":"Lavasorb Wund-Sp\u00fcll\u00f6sung 250 ml"},"content":{"rendered":"<p>Lavasorb Wund-Sp\u00fcll\u00f6sung reingt und sp\u00fclt die Wunde. Die gebrauchsfertige L\u00f6sung kann als Konservierungsmittel verwendet werden und verhindert das Wachstum von Bakterien und Pilzen. Mit der Anwendung dieses Produktes kann die Wundoberfl\u00e4che optimal befeuchtet werden.<\/p>\n","protected":false},"excerpt":{"rendered":"<p>Lavasorb Wund-Sp\u00fcll\u00f6sung reingt und sp\u00fclt die Wunde. Die gebrauchsfertige L\u00f6sung kann als Konservierungsmittel verwendet werden und verhindert das Wachstum von Bakterien und Pilzen. Mit der Anwendung dieses Produktes kann die Wundoberfl\u00e4che optimal befeuchtet werden.<\/p>\n","protected":false},"featured_media":42491,"template":"","meta":{"_acf_changed":false},"product_brand":[],"product_cat":[795],"product_tag":[],"class_list":{"0":"post-42489","1":"product","2":"type-product","3":"status-publish","4":"has-post-thumbnail","6":"product_cat-l","7":"pa_packungsgroesse-250ml","9":"first","10":"instock","11":"shipping-taxable","12":"purchasable","13":"product-type-simple"},"acf":[],"_links":{"self":[{"href":"https:\/\/www.ernstbrunn-apotheke.at\/katalog\/wp-json\/wp\/v2\/product\/42489","targetHints":{"allow":["GET"]}}],"collection":[{"href":"https:\/\/www.ernstbrunn-apotheke.at\/katalog\/wp-json\/wp\/v2\/product"}],"about":[{"href":"https:\/\/www.ernstbrunn-apotheke.at\/katalog\/wp-json\/wp\/v2\/types\/product"}],"wp:featuredmedia":[{"embeddable":true,"href":"https:\/\/www.ernstbrunn-apotheke.at\/katalog\/wp-json\/wp\/v2\/media\/42491"}],"wp:attachment":[{"href":"https:\/\/www.ernstbrunn-apotheke.at\/katalog\/wp-json\/wp\/v2\/media?parent=42489"}],"wp:term":[{"taxonomy":"product_brand","embeddable":true,"href":"https:\/\/www.ernstbrunn-apotheke.at\/katalog\/wp-json\/wp\/v2\/product_brand?post=42489"},{"taxonomy":"product_cat","embeddable":true,"href":"https:\/\/www.ernstbrunn-apotheke.at\/katalog\/wp-json\/wp\/v2\/product_cat?post=42489"},{"taxonomy":"product_tag","embeddable":true,"href":"https:\/\/www.ernstbrunn-apotheke.at\/katalog\/wp-json\/wp\/v2\/product_tag?post=42489"}],"curies":[{"name":"wp","href":"https:\/\/api.w.org\/{rel}","templated":true}]}}