{"id":42452,"date":"2025-11-10T15:51:36","date_gmt":"2025-11-10T14:51:36","guid":{"rendered":"https:\/\/www.ernstbrunn-apotheke.at\/katalog\/produkt\/saniflex-fingerl-6-stk\/"},"modified":"2025-12-08T16:09:39","modified_gmt":"2025-12-08T15:09:39","slug":"saniflex-fingerl-6-stk","status":"publish","type":"product","link":"https:\/\/www.ernstbrunn-apotheke.at\/katalog\/produkt\/saniflex-fingerl-6-stk\/","title":{"rendered":"Saniflex Fingerl 6 Stk."},"content":{"rendered":"<p>Saniflex Fingerlinge sch\u00fctzen die Finger der schaffenden Hand vor oberfl\u00e4chlichen mechanischen Verletzungen und vor schwach aggressiven Reinigungsmitteln mit reversibler Wirkung. Sie passen sich hervorragend der Anatomie des Fingers an und gehen nach erfolgter Dehnung allm\u00e4hlich in ihre urspr\u00fcngliche Form zur\u00fcck.<\/p>\n","protected":false},"excerpt":{"rendered":"<p>Saniflex Fingerlinge sch\u00fctzen die Finger der schaffenden Hand vor oberfl\u00e4chlichen mechanischen Verletzungen und vor schwach aggressiven Reinigungsmitteln mit reversibler Wirkung. Sie passen sich hervorragend der Anatomie des Fingers an und gehen nach erfolgter Dehnung allm\u00e4hlich in ihre urspr\u00fcngliche Form zur\u00fcck.<\/p>\n","protected":false},"featured_media":0,"template":"","meta":{"_acf_changed":false},"product_brand":[],"product_cat":[791],"product_tag":[],"class_list":{"0":"post-42452","1":"product","2":"type-product","3":"status-publish","5":"product_cat-s","6":"pa_packungsgroesse-6-stueck","8":"first","9":"instock","10":"shipping-taxable","11":"purchasable","12":"product-type-simple"},"acf":[],"_links":{"self":[{"href":"https:\/\/www.ernstbrunn-apotheke.at\/katalog\/wp-json\/wp\/v2\/product\/42452","targetHints":{"allow":["GET"]}}],"collection":[{"href":"https:\/\/www.ernstbrunn-apotheke.at\/katalog\/wp-json\/wp\/v2\/product"}],"about":[{"href":"https:\/\/www.ernstbrunn-apotheke.at\/katalog\/wp-json\/wp\/v2\/types\/product"}],"wp:attachment":[{"href":"https:\/\/www.ernstbrunn-apotheke.at\/katalog\/wp-json\/wp\/v2\/media?parent=42452"}],"wp:term":[{"taxonomy":"product_brand","embeddable":true,"href":"https:\/\/www.ernstbrunn-apotheke.at\/katalog\/wp-json\/wp\/v2\/product_brand?post=42452"},{"taxonomy":"product_cat","embeddable":true,"href":"https:\/\/www.ernstbrunn-apotheke.at\/katalog\/wp-json\/wp\/v2\/product_cat?post=42452"},{"taxonomy":"product_tag","embeddable":true,"href":"https:\/\/www.ernstbrunn-apotheke.at\/katalog\/wp-json\/wp\/v2\/product_tag?post=42452"}],"curies":[{"name":"wp","href":"https:\/\/api.w.org\/{rel}","templated":true}]}}